

{"id":124,"date":"2017-08-19T11:40:13","date_gmt":"2017-08-19T09:40:13","guid":{"rendered":"https:\/\/blog.hwr-berlin.de\/scom\/?page_id=124"},"modified":"2018-03-12T08:15:19","modified_gmt":"2018-03-12T07:15:19","slug":"kurse","status":"publish","type":"page","link":"https:\/\/blog.hwr-berlin.de\/scom\/kurse\/","title":{"rendered":"Kurse"},"content":{"rendered":"<p><a href=\"https:\/\/blog.hwr-berlin.de\/scom\/scom-1\/\">SCOM 1: <strong>Beschaffungs- und Produktionsmanagement (Production and Supply Management)<\/strong><\/a><\/p>\n<p><a href=\"https:\/\/blog.hwr-berlin.de\/scom\/scom-2\/\">SCOM 2: <strong>Distributionsmanagement und Transport (Transportation and Distribution Management)<\/strong><\/a><\/p>\n<p><a href=\"https:\/\/blog.hwr-berlin.de\/scom\/scom-3\/\">SCOM 3: <strong>Supply Chain Management und Informationssysteme (Supply Chain Management and Information Systems)<\/strong><\/a><\/p>\n<p><a href=\"https:\/\/blog.hwr-berlin.de\/scom\/scom-4\/\">SCOM 4: <strong>Ausgew\u00e4hlte Fragen im SCOM (Selected Topics in SCOM)<\/strong><\/a><\/p>\n<p><img loading=\"lazy\" decoding=\"async\" class=\"size-medium wp-image-212 aligncenter\" src=\"https:\/\/blog.hwr-berlin.de\/scom\/wp-content\/uploads\/2018\/03\/website-06-246x300.jpg\" alt=\"\" width=\"246\" height=\"300\" srcset=\"https:\/\/blog.hwr-berlin.de\/scom\/wp-content\/uploads\/2018\/03\/website-06-246x300.jpg 246w, https:\/\/blog.hwr-berlin.de\/scom\/wp-content\/uploads\/2018\/03\/website-06-123x150.jpg 123w, https:\/\/blog.hwr-berlin.de\/scom\/wp-content\/uploads\/2018\/03\/website-06-768x935.jpg 768w, https:\/\/blog.hwr-berlin.de\/scom\/wp-content\/uploads\/2018\/03\/website-06-841x1024.jpg 841w, https:\/\/blog.hwr-berlin.de\/scom\/wp-content\/uploads\/2018\/03\/website-06.jpg 1950w\" sizes=\"auto, (max-width: 246px) 100vw, 246px\" \/><\/p>\n<p><span id=\"result_box\" lang=\"de\">Die SCOM-Gruppe der HWR Berlin bietet eine breite Palette an SCOM-Modulen in zahlreichen Bachelor- und Masterstudieng\u00e4ngen der HWR Berlin. Dar\u00fcber hinaus ist die SCOM-Gruppe f\u00fcr den Bachelor in Global Supply Chain und Operations Management verantwortlich. Zuletzt haben wir ein <a href=\"http:\/\/www.hwr-berlin.de\/en\/department-of-business-and-economics\/study-programmes\/global-supply-chain-and-operations-management\/\">neues Master-Programm in Global Supply Chain und Operations Management auf Englisch <\/a>gestartet.<\/span><\/p>\n<p><a href=\"https:\/\/blog.hwr-berlin.de\/scom\/wp-content\/uploads\/2017\/08\/SCOM-t\u00e4tigskeitsfeld-dokument.pdf\">Hier finden Sie eine Zusammenfassung f\u00fcr das T\u00e4tigkeitsfeld SCOM als PDF.<\/a><\/p>\n<table style=\"width: 60%;\" align=\"Center\">\n<tbody>\n<tr>\n<td style=\"width: 40%; background-color: #3a5ec9;\" valign=\"top\"><span style=\"color: #ffffff;\"><strong>Level<\/strong><\/span><\/td>\n<td style=\"background-color: #3a5ec9;\" valign=\"top\"><span style=\"color: #ffffff;\"><strong>Module<\/strong><\/span><\/td>\n<\/tr>\n<tr>\n<td>Core<\/td>\n<td valign=\"top\">Operations Management<\/td>\n<\/tr>\n<tr>\n<td style=\"background-color: #bdbdbd;\" valign=\"top\">Undergraduate SCOM Major<\/td>\n<td style=\"background-color: #bdbdbd;\" valign=\"top\">Production and Supply Chain Management<br \/>\nDistribution and Transportation Management<br \/>\nSupply Chain Management and Information Systems<br \/>\nSelected Topics in SCOM<\/td>\n<\/tr>\n<tr>\n<td style=\"background-color: #e3e3e3;\" valign=\"top\">Master in Global Supply Chain and Operations Management (gSCOM)<\/td>\n<td style=\"background-color: #e3e3e3;\" valign=\"top\">Advanced Operations Management<br \/>\nGlobal Supply Chain Management<br \/>\nInternational Logistics Management<br \/>\nSupply Chain and Operations Analysis<br \/>\nManaging Global Supply Chain Projects<br \/>\nPrinciples of Consulting in gSCOM<br \/>\nBusiness Intelligence and Data Analytics in Supply Chain and Operations Management<br \/>\nCase-Studies in SCOM<\/td>\n<\/tr>\n<\/tbody>\n<\/table>\n<p><strong>Unser Lehransatz ist multidisziplin\u00e4r<\/strong><img loading=\"lazy\" decoding=\"async\" class=\"wp-image-208 size-large aligncenter\" src=\"https:\/\/blog.hwr-berlin.de\/scom\/wp-content\/uploads\/2018\/03\/website-03_2-1024x501.jpg\" alt=\"\" width=\"640\" height=\"313\" srcset=\"https:\/\/blog.hwr-berlin.de\/scom\/wp-content\/uploads\/2018\/03\/website-03_2-1024x501.jpg 1024w, https:\/\/blog.hwr-berlin.de\/scom\/wp-content\/uploads\/2018\/03\/website-03_2-150x73.jpg 150w, https:\/\/blog.hwr-berlin.de\/scom\/wp-content\/uploads\/2018\/03\/website-03_2-300x147.jpg 300w, https:\/\/blog.hwr-berlin.de\/scom\/wp-content\/uploads\/2018\/03\/website-03_2-768x376.jpg 768w, https:\/\/blog.hwr-berlin.de\/scom\/wp-content\/uploads\/2018\/03\/website-03_2.jpg 2000w\" sizes=\"auto, (max-width: 640px) 100vw, 640px\" \/><\/p>\n<p><span id=\"result_box\" lang=\"de\">Unser Lehrkonzept basiert vor allem darauf, den Studierenden grundlegende Konzepte, Arbeitskenntnisse und Software-Tools in den Bereichen Supply Chain Management, Bestandsmanagement, Produktionsmanagement, Beschaffungsmanagement und Logistik zur Verf\u00fcgung zu stellen. Wir unterrichten Klassen in SCOM, die theoretische Konzepte mit praktischen Projekten veranschaulichen und solche Werkzeuge wie AnyLogic, anyLogistix, Supply Chain Guru und Spreadsheet Modeling verwenden.<\/span><span id=\"t-served-community-button\" class=\"trans-verified-button goog-toolbar-button\" role=\"button\" aria-hidden=\"true\"><\/span><\/p>\n<p><span id=\"result_box\" lang=\"de\">Der Inhalt unserer Lehre ist in den folgenden Lehrb\u00fcchern zusammengefasst:<\/span><span id=\"t-served-community-button\" class=\"trans-verified-button goog-toolbar-button\" role=\"button\" aria-hidden=\"true\"><\/span><\/p>\n<ul>\n<li>Ivanov D., Tsipoulanidis, A., Sch\u00f6nberger, J. (2017) <em>Global Supply Chain and Operations Management: A decision-oriented introduction into the creation of value<\/em>, Springer.<\/li>\n<li>Ivanov D. (2017) <em>Supply Chain and Operations Simulation with AnyLogic.<\/em> 2<sup>nd<\/sup> Ed., erh\u00e4ltlich unter <a href=\"https:\/\/www.anylogic.com\/resources\/books\/operations-and-supply-chain-simulation-with-anylogic\/\">www.anylogic.com\/books<\/a><\/li>\n<li>Ivanov D. (2017) Supply Chain Simulation and Optimization with anyLogistix: <a href=\"https:\/\/blog.hwr-berlin.de\/ivanov\/teaching-readmore\/\">hol dir das PDF hier<\/a><\/li>\n<\/ul>\n<p><a href=\"http:\/\/www.springer.com\/us\/book\/9783319242156\"><img loading=\"lazy\" decoding=\"async\" class=\"size-medium wp-image-90 alignleft\" src=\"https:\/\/blog.hwr-berlin.de\/ivanov\/wp-content\/uploads\/2017\/05\/e8aaf21d228b185c11af5c290b6fe541-198x300.jpg\" alt=\"\" width=\"198\" height=\"300\" \/><\/a><a href=\"http:\/\/www.springer.com\/de\/book\/9783319242156\">Hol dir das Buch \u00fcber\u00a0Springer.com<\/a><\/p>\n<p><span id=\"result_box\" lang=\"de\">Kostenlose Companion-Website mit Excel-Vorlagen, Video-Links, Fallstudien, Business-Spiele und zus\u00e4tzliche Materialien:<\/span><span id=\"t-served-community-button\" class=\"trans-verified-button goog-toolbar-button\" role=\"button\" aria-hidden=\"true\"><\/span><br \/>\n<a href=\"http:\/\/global-supply-chain-management.de\/\">global-supply-chain-management.de<\/a><\/p>\n<p>&nbsp;<\/p>\n<p>&nbsp;<\/p>\n<p>&nbsp;<\/p>\n<p>&nbsp;<\/p>\n<p>&nbsp;<\/p>\n","protected":false},"excerpt":{"rendered":"<p>SCOM 1: Beschaffungs- und Produktionsmanagement (Production and Supply Management) SCOM 2: Distributionsmanagement und Transport (Transportation and Distribution Management) SCOM 3: Supply Chain Management und Informationssysteme (Supply Chain Management and Information Systems) SCOM 4: Ausgew\u00e4hlte Fragen im SCOM (Selected Topics in SCOM) Die SCOM-Gruppe der HWR Berlin bietet eine breite Palette an SCOM-Modulen in zahlreichen Bachelor-&#8230;<\/p>\n","protected":false},"author":2,"featured_media":0,"parent":0,"menu_order":0,"comment_status":"closed","ping_status":"closed","template":"","meta":{"footnotes":""},"class_list":["post-124","page","type-page","status-publish","hentry"],"yoast_head":"<!-- This site is optimized with the Yoast SEO plugin v27.4 - https:\/\/yoast.com\/product\/yoast-seo-wordpress\/ -->\n<title>Kurse - Supply Chain and Operations Management<\/title>\n<meta name=\"robots\" content=\"index, follow, max-snippet:-1, max-image-preview:large, max-video-preview:-1\" \/>\n<link rel=\"canonical\" href=\"https:\/\/blog.hwr-berlin.de\/scom\/kurse\/\" \/>\n<meta property=\"og:locale\" content=\"de_DE\" \/>\n<meta property=\"og:type\" content=\"article\" \/>\n<meta property=\"og:title\" content=\"Kurse - Supply Chain and Operations Management\" \/>\n<meta property=\"og:description\" content=\"SCOM 1: Beschaffungs- und Produktionsmanagement (Production and Supply Management) SCOM 2: Distributionsmanagement und Transport (Transportation and Distribution Management) SCOM 3: Supply Chain Management und Informationssysteme (Supply Chain Management and Information Systems) SCOM 4: Ausgew\u00e4hlte Fragen im SCOM (Selected Topics in SCOM) Die SCOM-Gruppe der HWR Berlin bietet eine breite Palette an SCOM-Modulen in zahlreichen Bachelor-...\" \/>\n<meta property=\"og:url\" content=\"https:\/\/blog.hwr-berlin.de\/scom\/kurse\/\" \/>\n<meta property=\"og:site_name\" content=\"Supply Chain and Operations Management\" \/>\n<meta property=\"article:modified_time\" content=\"2018-03-12T07:15:19+00:00\" \/>\n<meta property=\"og:image\" content=\"https:\/\/blog.hwr-berlin.de\/scom\/wp-content\/uploads\/2018\/03\/website-06-246x300.jpg\" \/>\n<meta name=\"twitter:card\" content=\"summary_large_image\" \/>\n<meta name=\"twitter:label1\" content=\"Gesch\u00e4tzte Lesezeit\" \/>\n\t<meta name=\"twitter:data1\" content=\"2\u00a0Minuten\" \/>\n<script type=\"application\/ld+json\" class=\"yoast-schema-graph\">{\"@context\":\"https:\\\/\\\/schema.org\",\"@graph\":[{\"@type\":\"WebPage\",\"@id\":\"https:\\\/\\\/blog.hwr-berlin.de\\\/scom\\\/kurse\\\/\",\"url\":\"https:\\\/\\\/blog.hwr-berlin.de\\\/scom\\\/kurse\\\/\",\"name\":\"Kurse - Supply Chain and Operations Management\",\"isPartOf\":{\"@id\":\"https:\\\/\\\/blog.hwr-berlin.de\\\/scom\\\/#website\"},\"primaryImageOfPage\":{\"@id\":\"https:\\\/\\\/blog.hwr-berlin.de\\\/scom\\\/kurse\\\/#primaryimage\"},\"image\":{\"@id\":\"https:\\\/\\\/blog.hwr-berlin.de\\\/scom\\\/kurse\\\/#primaryimage\"},\"thumbnailUrl\":\"https:\\\/\\\/blog.hwr-berlin.de\\\/scom\\\/wp-content\\\/uploads\\\/2018\\\/03\\\/website-06-246x300.jpg\",\"datePublished\":\"2017-08-19T09:40:13+00:00\",\"dateModified\":\"2018-03-12T07:15:19+00:00\",\"breadcrumb\":{\"@id\":\"https:\\\/\\\/blog.hwr-berlin.de\\\/scom\\\/kurse\\\/#breadcrumb\"},\"inLanguage\":\"de\",\"potentialAction\":[{\"@type\":\"ReadAction\",\"target\":[\"https:\\\/\\\/blog.hwr-berlin.de\\\/scom\\\/kurse\\\/\"]}]},{\"@type\":\"ImageObject\",\"inLanguage\":\"de\",\"@id\":\"https:\\\/\\\/blog.hwr-berlin.de\\\/scom\\\/kurse\\\/#primaryimage\",\"url\":\"https:\\\/\\\/blog.hwr-berlin.de\\\/scom\\\/wp-content\\\/uploads\\\/2018\\\/03\\\/website-06.jpg\",\"contentUrl\":\"https:\\\/\\\/blog.hwr-berlin.de\\\/scom\\\/wp-content\\\/uploads\\\/2018\\\/03\\\/website-06.jpg\",\"width\":1950,\"height\":2375},{\"@type\":\"BreadcrumbList\",\"@id\":\"https:\\\/\\\/blog.hwr-berlin.de\\\/scom\\\/kurse\\\/#breadcrumb\",\"itemListElement\":[{\"@type\":\"ListItem\",\"position\":1,\"name\":\"Startseite\",\"item\":\"https:\\\/\\\/blog.hwr-berlin.de\\\/scom\\\/\"},{\"@type\":\"ListItem\",\"position\":2,\"name\":\"Kurse\"}]},{\"@type\":\"WebSite\",\"@id\":\"https:\\\/\\\/blog.hwr-berlin.de\\\/scom\\\/#website\",\"url\":\"https:\\\/\\\/blog.hwr-berlin.de\\\/scom\\\/\",\"name\":\"Supply Chain and Operations Management\",\"description\":\"\",\"potentialAction\":[{\"@type\":\"SearchAction\",\"target\":{\"@type\":\"EntryPoint\",\"urlTemplate\":\"https:\\\/\\\/blog.hwr-berlin.de\\\/scom\\\/?s={search_term_string}\"},\"query-input\":{\"@type\":\"PropertyValueSpecification\",\"valueRequired\":true,\"valueName\":\"search_term_string\"}}],\"inLanguage\":\"de\"}]}<\/script>\n<!-- \/ Yoast SEO plugin. -->","yoast_head_json":{"title":"Kurse - Supply Chain and Operations Management","robots":{"index":"index","follow":"follow","max-snippet":"max-snippet:-1","max-image-preview":"max-image-preview:large","max-video-preview":"max-video-preview:-1"},"canonical":"https:\/\/blog.hwr-berlin.de\/scom\/kurse\/","og_locale":"de_DE","og_type":"article","og_title":"Kurse - Supply Chain and Operations Management","og_description":"SCOM 1: Beschaffungs- und Produktionsmanagement (Production and Supply Management) SCOM 2: Distributionsmanagement und Transport (Transportation and Distribution Management) SCOM 3: Supply Chain Management und Informationssysteme (Supply Chain Management and Information Systems) SCOM 4: Ausgew\u00e4hlte Fragen im SCOM (Selected Topics in SCOM) Die SCOM-Gruppe der HWR Berlin bietet eine breite Palette an SCOM-Modulen in zahlreichen Bachelor-...","og_url":"https:\/\/blog.hwr-berlin.de\/scom\/kurse\/","og_site_name":"Supply Chain and Operations Management","article_modified_time":"2018-03-12T07:15:19+00:00","og_image":[{"url":"https:\/\/blog.hwr-berlin.de\/scom\/wp-content\/uploads\/2018\/03\/website-06-246x300.jpg","type":"","width":"","height":""}],"twitter_card":"summary_large_image","twitter_misc":{"Gesch\u00e4tzte Lesezeit":"2\u00a0Minuten"},"schema":{"@context":"https:\/\/schema.org","@graph":[{"@type":"WebPage","@id":"https:\/\/blog.hwr-berlin.de\/scom\/kurse\/","url":"https:\/\/blog.hwr-berlin.de\/scom\/kurse\/","name":"Kurse - Supply Chain and Operations Management","isPartOf":{"@id":"https:\/\/blog.hwr-berlin.de\/scom\/#website"},"primaryImageOfPage":{"@id":"https:\/\/blog.hwr-berlin.de\/scom\/kurse\/#primaryimage"},"image":{"@id":"https:\/\/blog.hwr-berlin.de\/scom\/kurse\/#primaryimage"},"thumbnailUrl":"https:\/\/blog.hwr-berlin.de\/scom\/wp-content\/uploads\/2018\/03\/website-06-246x300.jpg","datePublished":"2017-08-19T09:40:13+00:00","dateModified":"2018-03-12T07:15:19+00:00","breadcrumb":{"@id":"https:\/\/blog.hwr-berlin.de\/scom\/kurse\/#breadcrumb"},"inLanguage":"de","potentialAction":[{"@type":"ReadAction","target":["https:\/\/blog.hwr-berlin.de\/scom\/kurse\/"]}]},{"@type":"ImageObject","inLanguage":"de","@id":"https:\/\/blog.hwr-berlin.de\/scom\/kurse\/#primaryimage","url":"https:\/\/blog.hwr-berlin.de\/scom\/wp-content\/uploads\/2018\/03\/website-06.jpg","contentUrl":"https:\/\/blog.hwr-berlin.de\/scom\/wp-content\/uploads\/2018\/03\/website-06.jpg","width":1950,"height":2375},{"@type":"BreadcrumbList","@id":"https:\/\/blog.hwr-berlin.de\/scom\/kurse\/#breadcrumb","itemListElement":[{"@type":"ListItem","position":1,"name":"Startseite","item":"https:\/\/blog.hwr-berlin.de\/scom\/"},{"@type":"ListItem","position":2,"name":"Kurse"}]},{"@type":"WebSite","@id":"https:\/\/blog.hwr-berlin.de\/scom\/#website","url":"https:\/\/blog.hwr-berlin.de\/scom\/","name":"Supply Chain and Operations Management","description":"","potentialAction":[{"@type":"SearchAction","target":{"@type":"EntryPoint","urlTemplate":"https:\/\/blog.hwr-berlin.de\/scom\/?s={search_term_string}"},"query-input":{"@type":"PropertyValueSpecification","valueRequired":true,"valueName":"search_term_string"}}],"inLanguage":"de"}]}},"_links":{"self":[{"href":"https:\/\/blog.hwr-berlin.de\/scom\/wp-json\/wp\/v2\/pages\/124","targetHints":{"allow":["GET"]}}],"collection":[{"href":"https:\/\/blog.hwr-berlin.de\/scom\/wp-json\/wp\/v2\/pages"}],"about":[{"href":"https:\/\/blog.hwr-berlin.de\/scom\/wp-json\/wp\/v2\/types\/page"}],"author":[{"embeddable":true,"href":"https:\/\/blog.hwr-berlin.de\/scom\/wp-json\/wp\/v2\/users\/2"}],"replies":[{"embeddable":true,"href":"https:\/\/blog.hwr-berlin.de\/scom\/wp-json\/wp\/v2\/comments?post=124"}],"version-history":[{"count":13,"href":"https:\/\/blog.hwr-berlin.de\/scom\/wp-json\/wp\/v2\/pages\/124\/revisions"}],"predecessor-version":[{"id":213,"href":"https:\/\/blog.hwr-berlin.de\/scom\/wp-json\/wp\/v2\/pages\/124\/revisions\/213"}],"wp:attachment":[{"href":"https:\/\/blog.hwr-berlin.de\/scom\/wp-json\/wp\/v2\/media?parent=124"}],"curies":[{"name":"wp","href":"https:\/\/api.w.org\/{rel}","templated":true}]}}