

{"id":132,"date":"2017-08-19T11:48:11","date_gmt":"2017-08-19T09:48:11","guid":{"rendered":"https:\/\/blog.hwr-berlin.de\/scom\/?page_id=132"},"modified":"2017-08-26T13:13:33","modified_gmt":"2017-08-26T11:13:33","slug":"umfeld-2","status":"publish","type":"page","link":"https:\/\/blog.hwr-berlin.de\/scom\/umfeld-2\/","title":{"rendered":"Umfeld"},"content":{"rendered":"<p><span id=\"result_box\" lang=\"de\">Die SCOM-Gruppe der HWR Berlin bietet eine breite Palette an SCOM-Modulen in zahlreichen Bachelor- und Masterstudieng\u00e4ngen der HWR Berlin. Dar\u00fcber hinaus ist die SCOM-Gruppe f\u00fcr den Bachelor in Global Supply Chain und Operations Management verantwortlich. Zuletzt haben wir ein <a href=\"http:\/\/www.hwr-berlin.de\/en\/department-of-business-and-economics\/study-programmes\/global-supply-chain-and-operations-management\/\">neues Master-Programm in Global Supply Chain und Operations Management auf Englisch <\/a>gestartet.<\/span><\/p>\n<p><a href=\"https:\/\/blog.hwr-berlin.de\/scom\/wp-content\/uploads\/2017\/08\/SCOM-t\u00e4tigskeitsfeld-dokument.pdf\">Hier finden Sie eine Zusammenfassung f\u00fcr das T\u00e4tigkeitsfeld SCOM als PDF.<\/a><\/p>\n<table style=\"width: 60%;\" align=\"Center\">\n<tbody>\n<tr>\n<td style=\"width: 40%; background-color: #3a5ec9;\" valign=\"top\"><span style=\"color: #ffffff;\"><strong>Level<\/strong><\/span><\/td>\n<td style=\"background-color: #3a5ec9;\" valign=\"top\"><span style=\"color: #ffffff;\"><strong>Module<\/strong><\/span><\/td>\n<\/tr>\n<tr>\n<td>Core<\/td>\n<td valign=\"top\">Operations Management<\/td>\n<\/tr>\n<tr>\n<td style=\"background-color: #bdbdbd;\" valign=\"top\">Undergraduate SCOM Major<\/td>\n<td style=\"background-color: #bdbdbd;\" valign=\"top\">Production and Supply Chain Management<br \/>\nDistribution and Transportation Management<br \/>\nSupply Chain Management and Information Systems<br \/>\nSelected Topics in SCOM<\/td>\n<\/tr>\n<tr>\n<td style=\"background-color: #e3e3e3;\" valign=\"top\">Master in Global Supply Chain and Operations Management (gSCOM)<\/td>\n<td style=\"background-color: #e3e3e3;\" valign=\"top\">Advanced Operations Management<br \/>\nGlobal Supply Chain Management<br \/>\nInternational Logistics Management<br \/>\nSupply Chain and Operations Analysis<br \/>\nManaging Global Supply Chain Projects<br \/>\nPrinciples of Consulting in gSCOM<\/td>\n<\/tr>\n<\/tbody>\n<\/table>\n<p><strong>Unser Lehransatz ist multidisziplin\u00e4r<\/strong><\/p>\n<p><img loading=\"lazy\" decoding=\"async\" class=\"wp-image-220 size-large aligncenter\" src=\"https:\/\/blog.hwr-berlin.de\/ivanov\/wp-content\/uploads\/2017\/05\/website-1024x501.jpg\" alt=\"\" width=\"640\" height=\"313\" \/><\/p>\n<p><span id=\"result_box\" lang=\"de\">Unser Lehrkonzept basiert vor allem darauf, den Studierenden grundlegende Konzepte, Arbeitskenntnisse und Software-Tools in den Bereichen Supply Chain Management, Bestandsmanagement, Produktionsmanagement, Beschaffungsmanagement und Logistik zur Verf\u00fcgung zu stellen. Wir unterrichten Klassen in SCOM, die theoretische Konzepte mit praktischen Projekten veranschaulichen und solche Werkzeuge wie AnyLogic, anyLogistix, Supply Chain Guru und Spreadsheet Modeling verwenden.<\/span><span id=\"t-served-community-button\" class=\"trans-verified-button goog-toolbar-button\" role=\"button\" aria-hidden=\"true\"><\/span><\/p>\n<p><span id=\"result_box\" lang=\"de\">Der Inhalt unserer Lehre ist in den folgenden Lehrb\u00fcchern zusammengefasst:<\/span><span id=\"t-served-community-button\" class=\"trans-verified-button goog-toolbar-button\" role=\"button\" aria-hidden=\"true\"><\/span><\/p>\n<ul>\n<li>Ivanov D., Tsipoulanidis, A., Sch\u00f6nberger, J. (2017) <em>Global Supply Chain and Operations Management: A decision-oriented introduction into the creation of value<\/em>, Springer.<\/li>\n<li>Ivanov D. (2017) <em>Supply Chain and Operations Simulation with AnyLogic.<\/em> 2<sup>nd<\/sup> Ed., erh\u00e4ltlich unter <a href=\"https:\/\/www.anylogic.com\/resources\/books\/operations-and-supply-chain-simulation-with-anylogic\/\">www.anylogic.com\/books<\/a><\/li>\n<li>Ivanov D. (2017) Supply Chain Simulation and Optimization with anyLogistix: <a href=\"https:\/\/blog.hwr-berlin.de\/ivanov\/wp-content\/uploads\/2017\/06\/ALX-2017_Full.pdf\">hol dir das PDF hier<\/a><\/li>\n<\/ul>\n<p><a href=\"http:\/\/www.springer.com\/us\/book\/9783319242156\"><img loading=\"lazy\" decoding=\"async\" class=\"size-medium wp-image-90 alignleft\" src=\"https:\/\/blog.hwr-berlin.de\/ivanov\/wp-content\/uploads\/2017\/05\/e8aaf21d228b185c11af5c290b6fe541-198x300.jpg\" alt=\"\" width=\"198\" height=\"300\" \/><\/a><a href=\"http:\/\/www.springer.com\/de\/book\/9783319242156\">Hol dir das Buch \u00fcber Springer.com<\/a><\/p>\n<p><span id=\"result_box\" lang=\"de\">Kostenlose Companion-Website mit Excel-Vorlagen, Video-Links, Fallstudien, Business-Spiele und zus\u00e4tzliche Materialien:<\/span><span id=\"t-served-community-button\" class=\"trans-verified-button goog-toolbar-button\" role=\"button\" aria-hidden=\"true\"><\/span><br \/>\n<a href=\"http:\/\/global-supply-chain-management.de\/\">global-supply-chain-management.de<\/a><\/p>\n","protected":false},"excerpt":{"rendered":"<p>Die SCOM-Gruppe der HWR Berlin bietet eine breite Palette an SCOM-Modulen in zahlreichen Bachelor- und Masterstudieng\u00e4ngen der HWR Berlin. Dar\u00fcber hinaus ist die SCOM-Gruppe f\u00fcr den Bachelor in Global Supply Chain und Operations Management verantwortlich. Zuletzt haben wir ein neues Master-Programm in Global Supply Chain und Operations Management auf Englisch gestartet. Hier finden Sie eine&#8230;<\/p>\n","protected":false},"author":2,"featured_media":0,"parent":0,"menu_order":0,"comment_status":"closed","ping_status":"closed","template":"","meta":{"footnotes":""},"class_list":["post-132","page","type-page","status-publish","hentry"],"yoast_head":"<!-- This site is optimized with the Yoast SEO plugin v27.4 - https:\/\/yoast.com\/product\/yoast-seo-wordpress\/ -->\n<title>Umfeld - Supply Chain and Operations Management<\/title>\n<meta name=\"robots\" content=\"index, follow, max-snippet:-1, max-image-preview:large, max-video-preview:-1\" \/>\n<link rel=\"canonical\" href=\"https:\/\/blog.hwr-berlin.de\/scom\/umfeld-2\/\" \/>\n<meta property=\"og:locale\" content=\"de_DE\" \/>\n<meta property=\"og:type\" content=\"article\" \/>\n<meta property=\"og:title\" content=\"Umfeld - Supply Chain and Operations Management\" \/>\n<meta property=\"og:description\" content=\"Die SCOM-Gruppe der HWR Berlin bietet eine breite Palette an SCOM-Modulen in zahlreichen Bachelor- und Masterstudieng\u00e4ngen der HWR Berlin. Dar\u00fcber hinaus ist die SCOM-Gruppe f\u00fcr den Bachelor in Global Supply Chain und Operations Management verantwortlich. Zuletzt haben wir ein neues Master-Programm in Global Supply Chain und Operations Management auf Englisch gestartet. Hier finden Sie eine...\" \/>\n<meta property=\"og:url\" content=\"https:\/\/blog.hwr-berlin.de\/scom\/umfeld-2\/\" \/>\n<meta property=\"og:site_name\" content=\"Supply Chain and Operations Management\" \/>\n<meta property=\"article:modified_time\" content=\"2017-08-26T11:13:33+00:00\" \/>\n<meta property=\"og:image\" content=\"https:\/\/blog.hwr-berlin.de\/ivanov\/wp-content\/uploads\/2017\/05\/website-1024x501.jpg\" \/>\n<meta name=\"twitter:card\" content=\"summary_large_image\" \/>\n<meta name=\"twitter:label1\" content=\"Gesch\u00e4tzte Lesezeit\" \/>\n\t<meta name=\"twitter:data1\" content=\"1\u00a0Minute\" \/>\n<script type=\"application\/ld+json\" class=\"yoast-schema-graph\">{\"@context\":\"https:\\\/\\\/schema.org\",\"@graph\":[{\"@type\":\"WebPage\",\"@id\":\"https:\\\/\\\/blog.hwr-berlin.de\\\/scom\\\/umfeld-2\\\/\",\"url\":\"https:\\\/\\\/blog.hwr-berlin.de\\\/scom\\\/umfeld-2\\\/\",\"name\":\"Umfeld - Supply Chain and Operations Management\",\"isPartOf\":{\"@id\":\"https:\\\/\\\/blog.hwr-berlin.de\\\/scom\\\/#website\"},\"primaryImageOfPage\":{\"@id\":\"https:\\\/\\\/blog.hwr-berlin.de\\\/scom\\\/umfeld-2\\\/#primaryimage\"},\"image\":{\"@id\":\"https:\\\/\\\/blog.hwr-berlin.de\\\/scom\\\/umfeld-2\\\/#primaryimage\"},\"thumbnailUrl\":\"https:\\\/\\\/blog.hwr-berlin.de\\\/ivanov\\\/wp-content\\\/uploads\\\/2017\\\/05\\\/website-1024x501.jpg\",\"datePublished\":\"2017-08-19T09:48:11+00:00\",\"dateModified\":\"2017-08-26T11:13:33+00:00\",\"breadcrumb\":{\"@id\":\"https:\\\/\\\/blog.hwr-berlin.de\\\/scom\\\/umfeld-2\\\/#breadcrumb\"},\"inLanguage\":\"de\",\"potentialAction\":[{\"@type\":\"ReadAction\",\"target\":[\"https:\\\/\\\/blog.hwr-berlin.de\\\/scom\\\/umfeld-2\\\/\"]}]},{\"@type\":\"ImageObject\",\"inLanguage\":\"de\",\"@id\":\"https:\\\/\\\/blog.hwr-berlin.de\\\/scom\\\/umfeld-2\\\/#primaryimage\",\"url\":\"https:\\\/\\\/blog.hwr-berlin.de\\\/ivanov\\\/wp-content\\\/uploads\\\/2017\\\/05\\\/website-1024x501.jpg\",\"contentUrl\":\"https:\\\/\\\/blog.hwr-berlin.de\\\/ivanov\\\/wp-content\\\/uploads\\\/2017\\\/05\\\/website-1024x501.jpg\"},{\"@type\":\"BreadcrumbList\",\"@id\":\"https:\\\/\\\/blog.hwr-berlin.de\\\/scom\\\/umfeld-2\\\/#breadcrumb\",\"itemListElement\":[{\"@type\":\"ListItem\",\"position\":1,\"name\":\"Startseite\",\"item\":\"https:\\\/\\\/blog.hwr-berlin.de\\\/scom\\\/\"},{\"@type\":\"ListItem\",\"position\":2,\"name\":\"Umfeld\"}]},{\"@type\":\"WebSite\",\"@id\":\"https:\\\/\\\/blog.hwr-berlin.de\\\/scom\\\/#website\",\"url\":\"https:\\\/\\\/blog.hwr-berlin.de\\\/scom\\\/\",\"name\":\"Supply Chain and Operations Management\",\"description\":\"\",\"potentialAction\":[{\"@type\":\"SearchAction\",\"target\":{\"@type\":\"EntryPoint\",\"urlTemplate\":\"https:\\\/\\\/blog.hwr-berlin.de\\\/scom\\\/?s={search_term_string}\"},\"query-input\":{\"@type\":\"PropertyValueSpecification\",\"valueRequired\":true,\"valueName\":\"search_term_string\"}}],\"inLanguage\":\"de\"}]}<\/script>\n<!-- \/ Yoast SEO plugin. -->","yoast_head_json":{"title":"Umfeld - Supply Chain and Operations Management","robots":{"index":"index","follow":"follow","max-snippet":"max-snippet:-1","max-image-preview":"max-image-preview:large","max-video-preview":"max-video-preview:-1"},"canonical":"https:\/\/blog.hwr-berlin.de\/scom\/umfeld-2\/","og_locale":"de_DE","og_type":"article","og_title":"Umfeld - Supply Chain and Operations Management","og_description":"Die SCOM-Gruppe der HWR Berlin bietet eine breite Palette an SCOM-Modulen in zahlreichen Bachelor- und Masterstudieng\u00e4ngen der HWR Berlin. Dar\u00fcber hinaus ist die SCOM-Gruppe f\u00fcr den Bachelor in Global Supply Chain und Operations Management verantwortlich. Zuletzt haben wir ein neues Master-Programm in Global Supply Chain und Operations Management auf Englisch gestartet. Hier finden Sie eine...","og_url":"https:\/\/blog.hwr-berlin.de\/scom\/umfeld-2\/","og_site_name":"Supply Chain and Operations Management","article_modified_time":"2017-08-26T11:13:33+00:00","og_image":[{"url":"https:\/\/blog.hwr-berlin.de\/ivanov\/wp-content\/uploads\/2017\/05\/website-1024x501.jpg","type":"","width":"","height":""}],"twitter_card":"summary_large_image","twitter_misc":{"Gesch\u00e4tzte Lesezeit":"1\u00a0Minute"},"schema":{"@context":"https:\/\/schema.org","@graph":[{"@type":"WebPage","@id":"https:\/\/blog.hwr-berlin.de\/scom\/umfeld-2\/","url":"https:\/\/blog.hwr-berlin.de\/scom\/umfeld-2\/","name":"Umfeld - Supply Chain and Operations Management","isPartOf":{"@id":"https:\/\/blog.hwr-berlin.de\/scom\/#website"},"primaryImageOfPage":{"@id":"https:\/\/blog.hwr-berlin.de\/scom\/umfeld-2\/#primaryimage"},"image":{"@id":"https:\/\/blog.hwr-berlin.de\/scom\/umfeld-2\/#primaryimage"},"thumbnailUrl":"https:\/\/blog.hwr-berlin.de\/ivanov\/wp-content\/uploads\/2017\/05\/website-1024x501.jpg","datePublished":"2017-08-19T09:48:11+00:00","dateModified":"2017-08-26T11:13:33+00:00","breadcrumb":{"@id":"https:\/\/blog.hwr-berlin.de\/scom\/umfeld-2\/#breadcrumb"},"inLanguage":"de","potentialAction":[{"@type":"ReadAction","target":["https:\/\/blog.hwr-berlin.de\/scom\/umfeld-2\/"]}]},{"@type":"ImageObject","inLanguage":"de","@id":"https:\/\/blog.hwr-berlin.de\/scom\/umfeld-2\/#primaryimage","url":"https:\/\/blog.hwr-berlin.de\/ivanov\/wp-content\/uploads\/2017\/05\/website-1024x501.jpg","contentUrl":"https:\/\/blog.hwr-berlin.de\/ivanov\/wp-content\/uploads\/2017\/05\/website-1024x501.jpg"},{"@type":"BreadcrumbList","@id":"https:\/\/blog.hwr-berlin.de\/scom\/umfeld-2\/#breadcrumb","itemListElement":[{"@type":"ListItem","position":1,"name":"Startseite","item":"https:\/\/blog.hwr-berlin.de\/scom\/"},{"@type":"ListItem","position":2,"name":"Umfeld"}]},{"@type":"WebSite","@id":"https:\/\/blog.hwr-berlin.de\/scom\/#website","url":"https:\/\/blog.hwr-berlin.de\/scom\/","name":"Supply Chain and Operations Management","description":"","potentialAction":[{"@type":"SearchAction","target":{"@type":"EntryPoint","urlTemplate":"https:\/\/blog.hwr-berlin.de\/scom\/?s={search_term_string}"},"query-input":{"@type":"PropertyValueSpecification","valueRequired":true,"valueName":"search_term_string"}}],"inLanguage":"de"}]}},"_links":{"self":[{"href":"https:\/\/blog.hwr-berlin.de\/scom\/wp-json\/wp\/v2\/pages\/132","targetHints":{"allow":["GET"]}}],"collection":[{"href":"https:\/\/blog.hwr-berlin.de\/scom\/wp-json\/wp\/v2\/pages"}],"about":[{"href":"https:\/\/blog.hwr-berlin.de\/scom\/wp-json\/wp\/v2\/types\/page"}],"author":[{"embeddable":true,"href":"https:\/\/blog.hwr-berlin.de\/scom\/wp-json\/wp\/v2\/users\/2"}],"replies":[{"embeddable":true,"href":"https:\/\/blog.hwr-berlin.de\/scom\/wp-json\/wp\/v2\/comments?post=132"}],"version-history":[{"count":3,"href":"https:\/\/blog.hwr-berlin.de\/scom\/wp-json\/wp\/v2\/pages\/132\/revisions"}],"predecessor-version":[{"id":153,"href":"https:\/\/blog.hwr-berlin.de\/scom\/wp-json\/wp\/v2\/pages\/132\/revisions\/153"}],"wp:attachment":[{"href":"https:\/\/blog.hwr-berlin.de\/scom\/wp-json\/wp\/v2\/media?parent=132"}],"curies":[{"name":"wp","href":"https:\/\/api.w.org\/{rel}","templated":true}]}}