

{"id":11,"date":"2023-11-02T15:06:57","date_gmt":"2023-11-02T14:06:57","guid":{"rendered":"https:\/\/blog.hwr-berlin.de\/steps-to-public-service\/?page_id=11"},"modified":"2023-12-06T12:59:39","modified_gmt":"2023-12-06T11:59:39","slug":"kontakt","status":"publish","type":"page","link":"https:\/\/blog.hwr-berlin.de\/steps-to-public-service\/kontakt\/","title":{"rendered":"Impressum und Datenschutz"},"content":{"rendered":"\n<h2 class=\"wp-block-heading has-black-color has-text-color has-link-color has-medium-font-size wp-elements-8b95dc713e459673bd23820dac6ac770\"><strong>Impressum und Datenschutz:<\/strong><\/h2>\n\n\n\n<h3 class=\"wp-block-heading has-medium-font-size\"><strong>Impressum<\/strong><\/h3>\n\n\n\n<p class=\"has-black-color has-text-color has-link-color wp-elements-4b48976250c2284a81ae27f2fb74e2c2\">F\u00fcr rechtliche Informationen und Angaben gem\u00e4\u00df \u00a7 5 TMG (Telemediengesetz) finden Sie unser <a href=\"https:\/\/blog.hwr-berlin.de\/steps-to-public-service\/impressum\/\">Impressum hier<\/a> oder besuchen Sie bitte die entsprechende Seite \u00fcber das Men\u00fc oben.<\/p>\n\n\n\n<h3 class=\"wp-block-heading has-black-color has-text-color has-link-color has-medium-font-size wp-elements-b5f697b00d7c9a9f104f6155d0d25bb5\"><strong>Datenschutzerkl\u00e4rung:<\/strong><\/h3>\n\n\n\n<p class=\"has-black-color has-text-color has-link-color wp-elements-a02f6a23c2e1d3c2394bbcce9781b97e\">Ihre Privatsph\u00e4re ist uns wichtig. In unserer<a href=\"https:\/\/blog.hwr-berlin.de\/steps-to-public-service\/kontakt\/datenschutzerklaerung\/\"> Datenschutzerkl\u00e4rung, die Sie hier <\/a>finden, informieren wir Sie dar\u00fcber, welche pers\u00f6nlichen Daten wir sammeln, wie wir sie verwenden und sch\u00fctzen.<\/p>\n\n\n\n<h3 class=\"wp-block-heading has-black-color has-text-color has-link-color has-medium-font-size wp-elements-6157a6d0f4280bfa665c42531ff3b8d2\"><strong>Kontakt:<\/strong><\/h3>\n\n\n\n<p class=\"has-black-color has-text-color has-link-color wp-elements-5d8c64ba171827e747a9d5bdac84ac6e\">Falls Sie Fragen haben oder mit uns in Kontakt treten m\u00f6chten, erreichen Sie uns per E-Mail: steps@hwr-berlin.de.<\/p>\n","protected":false},"excerpt":{"rendered":"<p>Impressum und Datenschutz: Impressum F\u00fcr rechtliche Informationen und Angaben gem\u00e4\u00df \u00a7 5 TMG (Telemediengesetz) finden Sie unser Impressum hier oder besuchen Sie bitte die entsprechende Seite \u00fcber das Men\u00fc oben. Datenschutzerkl\u00e4rung: Ihre Privatsph\u00e4re ist uns wichtig. In unserer Datenschutzerkl\u00e4rung, die Sie hier finden, informieren wir Sie dar\u00fcber, welche pers\u00f6nlichen Daten wir sammeln, wie wir sie [&hellip;]<\/p>\n","protected":false},"author":1,"featured_media":184,"parent":0,"menu_order":0,"comment_status":"closed","ping_status":"closed","template":"","meta":{"footnotes":""},"class_list":["post-11","page","type-page","status-publish","has-post-thumbnail","hentry","post"],"yoast_head":"<!-- This site is optimized with the Yoast SEO plugin v27.3 - https:\/\/yoast.com\/product\/yoast-seo-wordpress\/ -->\n<title>Impressum und Datenschutz - Steps<\/title>\n<meta name=\"description\" content=\"Hier finden Sie alle Informationen und Verlinkungen rund um Impressum und Datenschutz von &quot;Steps to Public Service&quot;\" \/>\n<meta name=\"robots\" content=\"index, follow, max-snippet:-1, max-image-preview:large, max-video-preview:-1\" \/>\n<link rel=\"canonical\" href=\"https:\/\/blog.hwr-berlin.de\/steps-to-public-service\/kontakt\/\" \/>\n<meta property=\"og:locale\" content=\"de_DE\" \/>\n<meta property=\"og:type\" content=\"article\" \/>\n<meta property=\"og:title\" content=\"Impressum und Datenschutz - Steps\" \/>\n<meta property=\"og:description\" content=\"Hier finden Sie alle Informationen und Verlinkungen rund um Impressum und Datenschutz von &quot;Steps to Public Service&quot;\" \/>\n<meta property=\"og:url\" content=\"https:\/\/blog.hwr-berlin.de\/steps-to-public-service\/kontakt\/\" \/>\n<meta property=\"og:site_name\" content=\"Steps\" \/>\n<meta property=\"article:modified_time\" content=\"2023-12-06T11:59:39+00:00\" \/>\n<meta property=\"og:image\" content=\"https:\/\/blog.hwr-berlin.de\/steps-to-public-service\/wp-content\/uploads_stepstopublicservice\/2023\/12\/Foto1.jpg\" \/>\n\t<meta property=\"og:image:width\" content=\"960\" \/>\n\t<meta property=\"og:image:height\" content=\"1280\" \/>\n\t<meta property=\"og:image:type\" content=\"image\/jpeg\" \/>\n<meta name=\"twitter:card\" content=\"summary_large_image\" \/>\n<meta name=\"twitter:label1\" content=\"Gesch\u00e4tzte Lesezeit\" \/>\n\t<meta name=\"twitter:data1\" content=\"1\u00a0Minute\" \/>\n<script type=\"application\/ld+json\" class=\"yoast-schema-graph\">{\"@context\":\"https:\\\/\\\/schema.org\",\"@graph\":[{\"@type\":\"WebPage\",\"@id\":\"https:\\\/\\\/blog.hwr-berlin.de\\\/steps-to-public-service\\\/kontakt\\\/\",\"url\":\"https:\\\/\\\/blog.hwr-berlin.de\\\/steps-to-public-service\\\/kontakt\\\/\",\"name\":\"Impressum und Datenschutz - Steps\",\"isPartOf\":{\"@id\":\"https:\\\/\\\/blog.hwr-berlin.de\\\/steps-to-public-service\\\/#website\"},\"primaryImageOfPage\":{\"@id\":\"https:\\\/\\\/blog.hwr-berlin.de\\\/steps-to-public-service\\\/kontakt\\\/#primaryimage\"},\"image\":{\"@id\":\"https:\\\/\\\/blog.hwr-berlin.de\\\/steps-to-public-service\\\/kontakt\\\/#primaryimage\"},\"thumbnailUrl\":\"https:\\\/\\\/blog.hwr-berlin.de\\\/steps-to-public-service\\\/wp-content\\\/uploads_stepstopublicservice\\\/2023\\\/12\\\/Foto1.jpg\",\"datePublished\":\"2023-11-02T14:06:57+00:00\",\"dateModified\":\"2023-12-06T11:59:39+00:00\",\"description\":\"Hier finden Sie alle Informationen und Verlinkungen rund um Impressum und Datenschutz von \\\"Steps to Public Service\\\"\",\"breadcrumb\":{\"@id\":\"https:\\\/\\\/blog.hwr-berlin.de\\\/steps-to-public-service\\\/kontakt\\\/#breadcrumb\"},\"inLanguage\":\"de\",\"potentialAction\":[{\"@type\":\"ReadAction\",\"target\":[\"https:\\\/\\\/blog.hwr-berlin.de\\\/steps-to-public-service\\\/kontakt\\\/\"]}]},{\"@type\":\"ImageObject\",\"inLanguage\":\"de\",\"@id\":\"https:\\\/\\\/blog.hwr-berlin.de\\\/steps-to-public-service\\\/kontakt\\\/#primaryimage\",\"url\":\"https:\\\/\\\/blog.hwr-berlin.de\\\/steps-to-public-service\\\/wp-content\\\/uploads_stepstopublicservice\\\/2023\\\/12\\\/Foto1.jpg\",\"contentUrl\":\"https:\\\/\\\/blog.hwr-berlin.de\\\/steps-to-public-service\\\/wp-content\\\/uploads_stepstopublicservice\\\/2023\\\/12\\\/Foto1.jpg\",\"width\":960,\"height\":1280},{\"@type\":\"BreadcrumbList\",\"@id\":\"https:\\\/\\\/blog.hwr-berlin.de\\\/steps-to-public-service\\\/kontakt\\\/#breadcrumb\",\"itemListElement\":[{\"@type\":\"ListItem\",\"position\":1,\"name\":\"Startseite\",\"item\":\"https:\\\/\\\/blog.hwr-berlin.de\\\/steps-to-public-service\\\/\"},{\"@type\":\"ListItem\",\"position\":2,\"name\":\"Impressum und Datenschutz\"}]},{\"@type\":\"WebSite\",\"@id\":\"https:\\\/\\\/blog.hwr-berlin.de\\\/steps-to-public-service\\\/#website\",\"url\":\"https:\\\/\\\/blog.hwr-berlin.de\\\/steps-to-public-service\\\/\",\"name\":\"Steps\",\"description\":\"\",\"publisher\":{\"@id\":\"https:\\\/\\\/blog.hwr-berlin.de\\\/steps-to-public-service\\\/#organization\"},\"potentialAction\":[{\"@type\":\"SearchAction\",\"target\":{\"@type\":\"EntryPoint\",\"urlTemplate\":\"https:\\\/\\\/blog.hwr-berlin.de\\\/steps-to-public-service\\\/?s={search_term_string}\"},\"query-input\":{\"@type\":\"PropertyValueSpecification\",\"valueRequired\":true,\"valueName\":\"search_term_string\"}}],\"inLanguage\":\"de\"},{\"@type\":\"Organization\",\"@id\":\"https:\\\/\\\/blog.hwr-berlin.de\\\/steps-to-public-service\\\/#organization\",\"name\":\"Steps\",\"url\":\"https:\\\/\\\/blog.hwr-berlin.de\\\/steps-to-public-service\\\/\",\"logo\":{\"@type\":\"ImageObject\",\"inLanguage\":\"de\",\"@id\":\"https:\\\/\\\/blog.hwr-berlin.de\\\/steps-to-public-service\\\/#\\\/schema\\\/logo\\\/image\\\/\",\"url\":\"https:\\\/\\\/blog.hwr-berlin.de\\\/steps-to-public-service\\\/wp-content\\\/uploads_stepstopublicservice\\\/2023\\\/11\\\/cropped-cropped-Kopie-von-Steps-to-Public-Service.png\",\"contentUrl\":\"https:\\\/\\\/blog.hwr-berlin.de\\\/steps-to-public-service\\\/wp-content\\\/uploads_stepstopublicservice\\\/2023\\\/11\\\/cropped-cropped-Kopie-von-Steps-to-Public-Service.png\",\"width\":512,\"height\":512,\"caption\":\"Steps\"},\"image\":{\"@id\":\"https:\\\/\\\/blog.hwr-berlin.de\\\/steps-to-public-service\\\/#\\\/schema\\\/logo\\\/image\\\/\"},\"sameAs\":[\"https:\\\/\\\/www.linkedin.com\\\/company\\\/steps-to-public-service\\\/\"]}]}<\/script>\n<!-- \/ Yoast SEO plugin. -->","yoast_head_json":{"title":"Impressum und Datenschutz - Steps","description":"Hier finden Sie alle Informationen und Verlinkungen rund um Impressum und Datenschutz von \"Steps to Public Service\"","robots":{"index":"index","follow":"follow","max-snippet":"max-snippet:-1","max-image-preview":"max-image-preview:large","max-video-preview":"max-video-preview:-1"},"canonical":"https:\/\/blog.hwr-berlin.de\/steps-to-public-service\/kontakt\/","og_locale":"de_DE","og_type":"article","og_title":"Impressum und Datenschutz - Steps","og_description":"Hier finden Sie alle Informationen und Verlinkungen rund um Impressum und Datenschutz von \"Steps to Public Service\"","og_url":"https:\/\/blog.hwr-berlin.de\/steps-to-public-service\/kontakt\/","og_site_name":"Steps","article_modified_time":"2023-12-06T11:59:39+00:00","og_image":[{"width":960,"height":1280,"url":"https:\/\/blog.hwr-berlin.de\/steps-to-public-service\/wp-content\/uploads_stepstopublicservice\/2023\/12\/Foto1.jpg","type":"image\/jpeg"}],"twitter_card":"summary_large_image","twitter_misc":{"Gesch\u00e4tzte Lesezeit":"1\u00a0Minute"},"schema":{"@context":"https:\/\/schema.org","@graph":[{"@type":"WebPage","@id":"https:\/\/blog.hwr-berlin.de\/steps-to-public-service\/kontakt\/","url":"https:\/\/blog.hwr-berlin.de\/steps-to-public-service\/kontakt\/","name":"Impressum und Datenschutz - Steps","isPartOf":{"@id":"https:\/\/blog.hwr-berlin.de\/steps-to-public-service\/#website"},"primaryImageOfPage":{"@id":"https:\/\/blog.hwr-berlin.de\/steps-to-public-service\/kontakt\/#primaryimage"},"image":{"@id":"https:\/\/blog.hwr-berlin.de\/steps-to-public-service\/kontakt\/#primaryimage"},"thumbnailUrl":"https:\/\/blog.hwr-berlin.de\/steps-to-public-service\/wp-content\/uploads_stepstopublicservice\/2023\/12\/Foto1.jpg","datePublished":"2023-11-02T14:06:57+00:00","dateModified":"2023-12-06T11:59:39+00:00","description":"Hier finden Sie alle Informationen und Verlinkungen rund um Impressum und Datenschutz von \"Steps to Public Service\"","breadcrumb":{"@id":"https:\/\/blog.hwr-berlin.de\/steps-to-public-service\/kontakt\/#breadcrumb"},"inLanguage":"de","potentialAction":[{"@type":"ReadAction","target":["https:\/\/blog.hwr-berlin.de\/steps-to-public-service\/kontakt\/"]}]},{"@type":"ImageObject","inLanguage":"de","@id":"https:\/\/blog.hwr-berlin.de\/steps-to-public-service\/kontakt\/#primaryimage","url":"https:\/\/blog.hwr-berlin.de\/steps-to-public-service\/wp-content\/uploads_stepstopublicservice\/2023\/12\/Foto1.jpg","contentUrl":"https:\/\/blog.hwr-berlin.de\/steps-to-public-service\/wp-content\/uploads_stepstopublicservice\/2023\/12\/Foto1.jpg","width":960,"height":1280},{"@type":"BreadcrumbList","@id":"https:\/\/blog.hwr-berlin.de\/steps-to-public-service\/kontakt\/#breadcrumb","itemListElement":[{"@type":"ListItem","position":1,"name":"Startseite","item":"https:\/\/blog.hwr-berlin.de\/steps-to-public-service\/"},{"@type":"ListItem","position":2,"name":"Impressum und Datenschutz"}]},{"@type":"WebSite","@id":"https:\/\/blog.hwr-berlin.de\/steps-to-public-service\/#website","url":"https:\/\/blog.hwr-berlin.de\/steps-to-public-service\/","name":"Steps","description":"","publisher":{"@id":"https:\/\/blog.hwr-berlin.de\/steps-to-public-service\/#organization"},"potentialAction":[{"@type":"SearchAction","target":{"@type":"EntryPoint","urlTemplate":"https:\/\/blog.hwr-berlin.de\/steps-to-public-service\/?s={search_term_string}"},"query-input":{"@type":"PropertyValueSpecification","valueRequired":true,"valueName":"search_term_string"}}],"inLanguage":"de"},{"@type":"Organization","@id":"https:\/\/blog.hwr-berlin.de\/steps-to-public-service\/#organization","name":"Steps","url":"https:\/\/blog.hwr-berlin.de\/steps-to-public-service\/","logo":{"@type":"ImageObject","inLanguage":"de","@id":"https:\/\/blog.hwr-berlin.de\/steps-to-public-service\/#\/schema\/logo\/image\/","url":"https:\/\/blog.hwr-berlin.de\/steps-to-public-service\/wp-content\/uploads_stepstopublicservice\/2023\/11\/cropped-cropped-Kopie-von-Steps-to-Public-Service.png","contentUrl":"https:\/\/blog.hwr-berlin.de\/steps-to-public-service\/wp-content\/uploads_stepstopublicservice\/2023\/11\/cropped-cropped-Kopie-von-Steps-to-Public-Service.png","width":512,"height":512,"caption":"Steps"},"image":{"@id":"https:\/\/blog.hwr-berlin.de\/steps-to-public-service\/#\/schema\/logo\/image\/"},"sameAs":["https:\/\/www.linkedin.com\/company\/steps-to-public-service\/"]}]}},"_links":{"self":[{"href":"https:\/\/blog.hwr-berlin.de\/steps-to-public-service\/wp-json\/wp\/v2\/pages\/11","targetHints":{"allow":["GET"]}}],"collection":[{"href":"https:\/\/blog.hwr-berlin.de\/steps-to-public-service\/wp-json\/wp\/v2\/pages"}],"about":[{"href":"https:\/\/blog.hwr-berlin.de\/steps-to-public-service\/wp-json\/wp\/v2\/types\/page"}],"author":[{"embeddable":true,"href":"https:\/\/blog.hwr-berlin.de\/steps-to-public-service\/wp-json\/wp\/v2\/users\/1"}],"replies":[{"embeddable":true,"href":"https:\/\/blog.hwr-berlin.de\/steps-to-public-service\/wp-json\/wp\/v2\/comments?post=11"}],"version-history":[{"count":8,"href":"https:\/\/blog.hwr-berlin.de\/steps-to-public-service\/wp-json\/wp\/v2\/pages\/11\/revisions"}],"predecessor-version":[{"id":209,"href":"https:\/\/blog.hwr-berlin.de\/steps-to-public-service\/wp-json\/wp\/v2\/pages\/11\/revisions\/209"}],"wp:featuredmedia":[{"embeddable":true,"href":"https:\/\/blog.hwr-berlin.de\/steps-to-public-service\/wp-json\/wp\/v2\/media\/184"}],"wp:attachment":[{"href":"https:\/\/blog.hwr-berlin.de\/steps-to-public-service\/wp-json\/wp\/v2\/media?parent=11"}],"curies":[{"name":"wp","href":"https:\/\/api.w.org\/{rel}","templated":true}]}}