

{"id":164,"date":"2023-11-28T10:58:47","date_gmt":"2023-11-28T09:58:47","guid":{"rendered":"https:\/\/blog.hwr-berlin.de\/steps-to-public-service\/?page_id=164"},"modified":"2024-02-26T14:07:16","modified_gmt":"2024-02-26T13:07:16","slug":"impressum","status":"publish","type":"page","link":"https:\/\/blog.hwr-berlin.de\/steps-to-public-service\/impressum\/","title":{"rendered":"Impressum"},"content":{"rendered":"\n<h2 class=\"wp-block-heading\">Impressum<\/h2>\n\n\n\n<p>Impressum gem\u00e4\u00df \u00a7 5 TMG\/ \u00a7 55 RStV<\/p>\n\n\n\n<p>Weitere Informationen zum Impressum finden Sie <a href=\"https:\/\/www.hwr-berlin.de\/footer\/impressum\/\" target=\"_blank\" rel=\"noreferrer noopener\">HIER<\/a><\/p>\n\n\n\n<h3 class=\"wp-block-heading\">Rechtlicher Sitz<\/h3>\n\n\n\n<p>Hochschule f\u00fcr Wirtschaft und Recht Berlin<\/p>\n\n\n\n<h3 class=\"wp-block-heading\">Anschrift<\/h3>\n\n\n\n<p>Hochschule f\u00fcr Wirtschaft und Recht Berlin<br>Badensche Stra\u00dfe 52<br>10825 Berlin<\/p>\n\n\n\n<p>Telefon: +49 (0)30 30877-0<br>Fax: +49 (0)30 30877-1199<\/p>\n\n\n\n<p>Vertretungsberechtigt: Prof. Dr. Andreas Zaby (Pr\u00e4sident)<br>Verantwortlich f\u00fcr den Inhalt: Jan Fritsche, Nina Stache<br>Anfragen zum Inhalt: steps(at)hwr-berlin.de<\/p>\n\n\n\n<h3 class=\"wp-block-heading\">Rechtsform<\/h3>\n\n\n\n<p>Die Hochschule f\u00fcr Wirtschaft und Recht Berlin ist eine K\u00f6rperschaft des \u00f6ffentlichen Rechts gem. \u00a7\u00a7 1 und 2 Berliner Hochschulgesetz (BerlHG).<\/p>\n\n\n\n<p>Informationen zum Thema Datenschutz an der HWR Berlin:&nbsp;<a href=\"https:\/\/www.hwr-berlin.de\/footer\/datenschutz\/\">Hinweise zum Datenschutz<\/a><br>Das Webangebot der HWR Berlin unterliegt dem geltenden Urheberrecht.<br>Beachten Sie bitte auch unseren Haftungsausschluss\/Disclaimer.<\/p>\n\n\n\n<p><strong>Umsatzsteueridentifikationsnummer:<\/strong>&nbsp;DE263545251<\/p>\n\n\n\n<h2 class=\"wp-block-heading\">Urheberrecht \/ Copyright<\/h2>\n\n\n\n<p>Alle Rechte vorbehalten, all rights reserved, Hochschule f\u00fcr Wirtschaft und Recht Berlin, 10825 Berlin.<\/p>\n\n\n\n<p>Die Online-Dokumente und Webseiten einschlie\u00dflich ihrer Teile sind urheberrechtlich gesch\u00fctzt. Sie d\u00fcrfen nur zum privaten, wissenschaftlichen und nichtgewerblichen Gebrauch zum Zweck der Information kopiert und ausgedruckt werden, wenn sie den Copyright-Hinweis enthalten. Die Hochschule f\u00fcr Wirtschaft und Recht Berlin beh\u00e4lt sich das Recht vor, diese Erlaubnis jederzeit zu widerrufen. Ohne vorherige schriftliche Genehmigung der HWR Berlin d\u00fcrfen diese Dokumente\/Webseiten nicht vervielf\u00e4ltigt, archiviert, auf einem anderen Server gespeichert, in Newsgruppen einbezogen, in Online-Diensten benutzt oder auf einer CD-ROM gespeichert werden. Sie d\u00fcrfen jedoch in einen Cache oder einen Proxy-Server zur Optimierung der Zugriffsgeschwindigkeit kopiert werden.<\/p>\n\n\n\n<h2 class=\"wp-block-heading\">Haftungsausschluss &#8211; Disclaimer<\/h2>\n\n\n\n<h3 class=\"wp-block-heading\">Inhalt des Onlineangebotes<\/h3>\n\n\n\n<p>Das Webteam der HWR Berlin \u00fcbernimmt keinerlei Gew\u00e4hr f\u00fcr die Aktualit\u00e4t, Korrektheit, Vollst\u00e4ndigkeit oder Qualit\u00e4t der bereitgestellten Informationen. <br>Folglich sind Haftungsanspr\u00fcche gegen das Webteam, die sich auf Sch\u00e4den materieller oder ideeller Art beziehen, die durch die Nutzung oder Nichtnutzung der dargebotenen Informationen bzw. durch die Nutzung fehlerhafter und unvollst\u00e4ndiger Informationen verursacht wurden, grunds\u00e4tzlich ausgeschlossen, sofern seitens des Webteams kein nachweislich vors\u00e4tzliches oder grob fahrl\u00e4ssiges Verschulden vorliegt.<\/p>\n\n\n\n<p>Alle Angebote sind freibleibend und unverbindlich. Das Webteam der HWR Berlin beh\u00e4lt es sich ausdr\u00fccklich vor, Teile der Seiten oder das gesamte Angebot ohne gesonderte Ank\u00fcndigung zu ver\u00e4ndern, zu erg\u00e4nzen, zu l\u00f6schen oder die Ver\u00f6ffentlichung zeitweise oder endg\u00fcltig einzustellen.<\/p>\n\n\n\n<h3 class=\"wp-block-heading\">Verweise und Links<\/h3>\n\n\n\n<p>Das Webteam der HWR Berlin betont, dass im Zeitpunkt der Linksetzung keinerlei illegale Inhalte auf den verlinkten Seiten erkennbar waren. Da das Webteam auf die aktuelle und zuk\u00fcnftige Gestaltung, die Inhalte oder die Urheberschaft der gelinkten\/verkn\u00fcpften Seiten keinen Einfluss hat, distanziert es sich ausdr\u00fccklich von allen Inhalten, die nach der Linksetzung ver\u00e4ndert wurden. <\/p>\n\n\n\n<p>Diese Distanzierung erstreckt sich auf alle innerhalb des eigenen Internetangebots gesetzten Links sowie Verweise und Fremdeintr\u00e4ge in G\u00e4steb\u00fcchern, Diskussionsforen und Mailinglisten, f\u00fcr die das Webteam keine Verantwortung \u00fcbernimmt. Haftungsanspr\u00fcche f\u00fcr illegale, fehlerhafte oder unvollst\u00e4ndige Inhalte sowie f\u00fcr Sch\u00e4den aus der Nutzung oder Nichtnutzung solcher Informationen liegen allein beim Anbieter der verlinkten Seite, nicht bei demjenigen, der lediglich auf die Ver\u00f6ffentlichung verweist.<\/p>\n\n\n\n<h2 class=\"wp-block-heading\">Datenschutz<\/h2>\n\n\n\n<p>Finden Sie <a href=\"https:\/\/blog.hwr-berlin.de\/steps-to-public-service\/kontakt\/datenschutzerklaerung\/\">hier unsere Datenschutzerkl\u00e4rung<\/a> und weitere Informationen.<\/p>\n","protected":false},"excerpt":{"rendered":"<p>Impressum Impressum gem\u00e4\u00df \u00a7 5 TMG\/ \u00a7 55 RStV Weitere Informationen zum Impressum finden Sie HIER Rechtlicher Sitz Hochschule f\u00fcr Wirtschaft und Recht Berlin Anschrift Hochschule f\u00fcr Wirtschaft und Recht BerlinBadensche Stra\u00dfe 5210825 Berlin Telefon: +49 (0)30 30877-0Fax: +49 (0)30 30877-1199 Vertretungsberechtigt: Prof. Dr. Andreas Zaby (Pr\u00e4sident)Verantwortlich f\u00fcr den Inhalt: Jan Fritsche, Nina StacheAnfragen zum [&hellip;]<\/p>\n","protected":false},"author":2,"featured_media":0,"parent":0,"menu_order":0,"comment_status":"closed","ping_status":"closed","template":"","meta":{"footnotes":""},"class_list":["post-164","page","type-page","status-publish","hentry","post"],"yoast_head":"<!-- This site is optimized with the Yoast SEO plugin v27.3 - https:\/\/yoast.com\/product\/yoast-seo-wordpress\/ -->\n<title>Impressum - Steps<\/title>\n<meta name=\"description\" content=\"Impressum - Urheberrecht \/ Copyright und Haftungsausschluss - Disclaimer sowie Verlinkung zur Datenschutzerkl\u00e4rung\" \/>\n<meta name=\"robots\" content=\"index, follow, max-snippet:-1, max-image-preview:large, max-video-preview:-1\" \/>\n<link rel=\"canonical\" href=\"https:\/\/blog.hwr-berlin.de\/steps-to-public-service\/impressum\/\" \/>\n<meta property=\"og:locale\" content=\"de_DE\" \/>\n<meta property=\"og:type\" content=\"article\" \/>\n<meta property=\"og:title\" content=\"Impressum - Steps\" \/>\n<meta property=\"og:description\" content=\"Impressum - Urheberrecht \/ Copyright und Haftungsausschluss - Disclaimer sowie Verlinkung zur Datenschutzerkl\u00e4rung\" \/>\n<meta property=\"og:url\" content=\"https:\/\/blog.hwr-berlin.de\/steps-to-public-service\/impressum\/\" \/>\n<meta property=\"og:site_name\" content=\"Steps\" \/>\n<meta property=\"article:modified_time\" content=\"2024-02-26T13:07:16+00:00\" \/>\n<meta name=\"twitter:card\" content=\"summary_large_image\" \/>\n<meta name=\"twitter:label1\" content=\"Gesch\u00e4tzte Lesezeit\" \/>\n\t<meta name=\"twitter:data1\" content=\"3\u00a0Minuten\" \/>\n<script type=\"application\/ld+json\" class=\"yoast-schema-graph\">{\"@context\":\"https:\\\/\\\/schema.org\",\"@graph\":[{\"@type\":\"WebPage\",\"@id\":\"https:\\\/\\\/blog.hwr-berlin.de\\\/steps-to-public-service\\\/impressum\\\/\",\"url\":\"https:\\\/\\\/blog.hwr-berlin.de\\\/steps-to-public-service\\\/impressum\\\/\",\"name\":\"Impressum - Steps\",\"isPartOf\":{\"@id\":\"https:\\\/\\\/blog.hwr-berlin.de\\\/steps-to-public-service\\\/#website\"},\"datePublished\":\"2023-11-28T09:58:47+00:00\",\"dateModified\":\"2024-02-26T13:07:16+00:00\",\"description\":\"Impressum - Urheberrecht \\\/ Copyright und Haftungsausschluss - Disclaimer sowie Verlinkung zur Datenschutzerkl\u00e4rung\",\"breadcrumb\":{\"@id\":\"https:\\\/\\\/blog.hwr-berlin.de\\\/steps-to-public-service\\\/impressum\\\/#breadcrumb\"},\"inLanguage\":\"de\",\"potentialAction\":[{\"@type\":\"ReadAction\",\"target\":[\"https:\\\/\\\/blog.hwr-berlin.de\\\/steps-to-public-service\\\/impressum\\\/\"]}]},{\"@type\":\"BreadcrumbList\",\"@id\":\"https:\\\/\\\/blog.hwr-berlin.de\\\/steps-to-public-service\\\/impressum\\\/#breadcrumb\",\"itemListElement\":[{\"@type\":\"ListItem\",\"position\":1,\"name\":\"Startseite\",\"item\":\"https:\\\/\\\/blog.hwr-berlin.de\\\/steps-to-public-service\\\/\"},{\"@type\":\"ListItem\",\"position\":2,\"name\":\"Impressum\"}]},{\"@type\":\"WebSite\",\"@id\":\"https:\\\/\\\/blog.hwr-berlin.de\\\/steps-to-public-service\\\/#website\",\"url\":\"https:\\\/\\\/blog.hwr-berlin.de\\\/steps-to-public-service\\\/\",\"name\":\"Steps\",\"description\":\"\",\"publisher\":{\"@id\":\"https:\\\/\\\/blog.hwr-berlin.de\\\/steps-to-public-service\\\/#organization\"},\"potentialAction\":[{\"@type\":\"SearchAction\",\"target\":{\"@type\":\"EntryPoint\",\"urlTemplate\":\"https:\\\/\\\/blog.hwr-berlin.de\\\/steps-to-public-service\\\/?s={search_term_string}\"},\"query-input\":{\"@type\":\"PropertyValueSpecification\",\"valueRequired\":true,\"valueName\":\"search_term_string\"}}],\"inLanguage\":\"de\"},{\"@type\":\"Organization\",\"@id\":\"https:\\\/\\\/blog.hwr-berlin.de\\\/steps-to-public-service\\\/#organization\",\"name\":\"Steps\",\"url\":\"https:\\\/\\\/blog.hwr-berlin.de\\\/steps-to-public-service\\\/\",\"logo\":{\"@type\":\"ImageObject\",\"inLanguage\":\"de\",\"@id\":\"https:\\\/\\\/blog.hwr-berlin.de\\\/steps-to-public-service\\\/#\\\/schema\\\/logo\\\/image\\\/\",\"url\":\"https:\\\/\\\/blog.hwr-berlin.de\\\/steps-to-public-service\\\/wp-content\\\/uploads_stepstopublicservice\\\/2023\\\/11\\\/cropped-cropped-Kopie-von-Steps-to-Public-Service.png\",\"contentUrl\":\"https:\\\/\\\/blog.hwr-berlin.de\\\/steps-to-public-service\\\/wp-content\\\/uploads_stepstopublicservice\\\/2023\\\/11\\\/cropped-cropped-Kopie-von-Steps-to-Public-Service.png\",\"width\":512,\"height\":512,\"caption\":\"Steps\"},\"image\":{\"@id\":\"https:\\\/\\\/blog.hwr-berlin.de\\\/steps-to-public-service\\\/#\\\/schema\\\/logo\\\/image\\\/\"},\"sameAs\":[\"https:\\\/\\\/www.linkedin.com\\\/company\\\/steps-to-public-service\\\/\"]}]}<\/script>\n<!-- \/ Yoast SEO plugin. -->","yoast_head_json":{"title":"Impressum - Steps","description":"Impressum - Urheberrecht \/ Copyright und Haftungsausschluss - Disclaimer sowie Verlinkung zur Datenschutzerkl\u00e4rung","robots":{"index":"index","follow":"follow","max-snippet":"max-snippet:-1","max-image-preview":"max-image-preview:large","max-video-preview":"max-video-preview:-1"},"canonical":"https:\/\/blog.hwr-berlin.de\/steps-to-public-service\/impressum\/","og_locale":"de_DE","og_type":"article","og_title":"Impressum - Steps","og_description":"Impressum - Urheberrecht \/ Copyright und Haftungsausschluss - Disclaimer sowie Verlinkung zur Datenschutzerkl\u00e4rung","og_url":"https:\/\/blog.hwr-berlin.de\/steps-to-public-service\/impressum\/","og_site_name":"Steps","article_modified_time":"2024-02-26T13:07:16+00:00","twitter_card":"summary_large_image","twitter_misc":{"Gesch\u00e4tzte Lesezeit":"3\u00a0Minuten"},"schema":{"@context":"https:\/\/schema.org","@graph":[{"@type":"WebPage","@id":"https:\/\/blog.hwr-berlin.de\/steps-to-public-service\/impressum\/","url":"https:\/\/blog.hwr-berlin.de\/steps-to-public-service\/impressum\/","name":"Impressum - Steps","isPartOf":{"@id":"https:\/\/blog.hwr-berlin.de\/steps-to-public-service\/#website"},"datePublished":"2023-11-28T09:58:47+00:00","dateModified":"2024-02-26T13:07:16+00:00","description":"Impressum - Urheberrecht \/ Copyright und Haftungsausschluss - Disclaimer sowie Verlinkung zur Datenschutzerkl\u00e4rung","breadcrumb":{"@id":"https:\/\/blog.hwr-berlin.de\/steps-to-public-service\/impressum\/#breadcrumb"},"inLanguage":"de","potentialAction":[{"@type":"ReadAction","target":["https:\/\/blog.hwr-berlin.de\/steps-to-public-service\/impressum\/"]}]},{"@type":"BreadcrumbList","@id":"https:\/\/blog.hwr-berlin.de\/steps-to-public-service\/impressum\/#breadcrumb","itemListElement":[{"@type":"ListItem","position":1,"name":"Startseite","item":"https:\/\/blog.hwr-berlin.de\/steps-to-public-service\/"},{"@type":"ListItem","position":2,"name":"Impressum"}]},{"@type":"WebSite","@id":"https:\/\/blog.hwr-berlin.de\/steps-to-public-service\/#website","url":"https:\/\/blog.hwr-berlin.de\/steps-to-public-service\/","name":"Steps","description":"","publisher":{"@id":"https:\/\/blog.hwr-berlin.de\/steps-to-public-service\/#organization"},"potentialAction":[{"@type":"SearchAction","target":{"@type":"EntryPoint","urlTemplate":"https:\/\/blog.hwr-berlin.de\/steps-to-public-service\/?s={search_term_string}"},"query-input":{"@type":"PropertyValueSpecification","valueRequired":true,"valueName":"search_term_string"}}],"inLanguage":"de"},{"@type":"Organization","@id":"https:\/\/blog.hwr-berlin.de\/steps-to-public-service\/#organization","name":"Steps","url":"https:\/\/blog.hwr-berlin.de\/steps-to-public-service\/","logo":{"@type":"ImageObject","inLanguage":"de","@id":"https:\/\/blog.hwr-berlin.de\/steps-to-public-service\/#\/schema\/logo\/image\/","url":"https:\/\/blog.hwr-berlin.de\/steps-to-public-service\/wp-content\/uploads_stepstopublicservice\/2023\/11\/cropped-cropped-Kopie-von-Steps-to-Public-Service.png","contentUrl":"https:\/\/blog.hwr-berlin.de\/steps-to-public-service\/wp-content\/uploads_stepstopublicservice\/2023\/11\/cropped-cropped-Kopie-von-Steps-to-Public-Service.png","width":512,"height":512,"caption":"Steps"},"image":{"@id":"https:\/\/blog.hwr-berlin.de\/steps-to-public-service\/#\/schema\/logo\/image\/"},"sameAs":["https:\/\/www.linkedin.com\/company\/steps-to-public-service\/"]}]}},"_links":{"self":[{"href":"https:\/\/blog.hwr-berlin.de\/steps-to-public-service\/wp-json\/wp\/v2\/pages\/164","targetHints":{"allow":["GET"]}}],"collection":[{"href":"https:\/\/blog.hwr-berlin.de\/steps-to-public-service\/wp-json\/wp\/v2\/pages"}],"about":[{"href":"https:\/\/blog.hwr-berlin.de\/steps-to-public-service\/wp-json\/wp\/v2\/types\/page"}],"author":[{"embeddable":true,"href":"https:\/\/blog.hwr-berlin.de\/steps-to-public-service\/wp-json\/wp\/v2\/users\/2"}],"replies":[{"embeddable":true,"href":"https:\/\/blog.hwr-berlin.de\/steps-to-public-service\/wp-json\/wp\/v2\/comments?post=164"}],"version-history":[{"count":6,"href":"https:\/\/blog.hwr-berlin.de\/steps-to-public-service\/wp-json\/wp\/v2\/pages\/164\/revisions"}],"predecessor-version":[{"id":249,"href":"https:\/\/blog.hwr-berlin.de\/steps-to-public-service\/wp-json\/wp\/v2\/pages\/164\/revisions\/249"}],"wp:attachment":[{"href":"https:\/\/blog.hwr-berlin.de\/steps-to-public-service\/wp-json\/wp\/v2\/media?parent=164"}],"curies":[{"name":"wp","href":"https:\/\/api.w.org\/{rel}","templated":true}]}}