

{"id":32,"date":"2023-11-06T08:39:03","date_gmt":"2023-11-06T07:39:03","guid":{"rendered":"https:\/\/blog.hwr-berlin.de\/steps-to-public-service\/?page_id=32"},"modified":"2025-09-05T15:27:12","modified_gmt":"2025-09-05T13:27:12","slug":"fuer-unternehmen","status":"publish","type":"page","link":"https:\/\/blog.hwr-berlin.de\/steps-to-public-service\/fuer-unternehmen\/","title":{"rendered":"F\u00fcr die Verwaltung"},"content":{"rendered":"\n<h2 class=\"wp-block-heading\"><strong>Hospitationen f\u00fcr &#8222;Steps to Public Service&#8220; \u2013 Gemeinsam f\u00fcr eine vielf\u00e4ltige und qualifizierte Verwaltung<\/strong><\/h2>\n\n\n\n<p>wir m\u00f6chten Sie herzlich dazu einladen, sich aktiv an unserem wegweisenden Programm &#8222;Steps to Public Service&#8220; zu beteiligen. Das Ziel dieses Projekts ist es, hochqualifizierte Absolvent*innen mit ausl\u00e4ndischen Hochschulabschl\u00fcssen auf eine bildungsad\u00e4quate Erwerbst\u00e4tigkeit in der Verwaltung vorzubereiten. Gleichzeitig soll das Projekt dem zunehmenden Fachkr\u00e4ftemangel entgegenwirken.<\/p>\n\n\n\n<p>Ein essenzieller Bestandteil dieses Programms sind Hospitationen, die den Teilnehmer*innen erm\u00f6glichen, wertvolle Einblicke in die Abl\u00e4ufe und Aufgaben der \u00f6ffentlichen Verwaltung zu gewinnen. Folglich k\u00f6nnen sie durch diese Praxiserfahrung ihre Qualifikationen weiterentwickeln und optimal auf die Anforderungen des \u00f6ffentlichen Dienstes vorbereitet werden.<\/p>\n\n\n\n<h2 class=\"wp-block-heading\"><strong>Die Profile<\/strong><\/h2>\n\n\n\n<p>Unter folgendem Link finden Sie alle aktuellen Profile unserer Teilnehmer*innen, die bereits f\u00fcr eine Hospitation zur Verf\u00fcgung stehen:<\/p>\n\n\n\n<div data-wp-interactive=\"core\/file\" class=\"wp-block-file\"><object data-wp-bind--hidden=\"!state.hasPdfPreview\" hidden class=\"wp-block-file__embed\" data=\"https:\/\/blog.hwr-berlin.de\/steps-to-public-service\/wp-content\/uploads_stepstopublicservice\/2025\/09\/Hospitationen_Profile_Steps-to-Public-Service_05_09_25_.pdf\" type=\"application\/pdf\" style=\"width:100%;height:600px\" aria-label=\"Einbettung von Hospitationen_Profile_Steps to Public Service_05_09_25_.\"><\/object><a id=\"wp-block-file--media-bcbb8a97-285f-4373-b428-6ae527949d7f\" href=\"https:\/\/blog.hwr-berlin.de\/steps-to-public-service\/wp-content\/uploads_stepstopublicservice\/2025\/09\/Hospitationen_Profile_Steps-to-Public-Service_05_09_25_.pdf\" target=\"_blank\" rel=\"noreferrer noopener\">Hospitationen_Profile_Steps to Public Service_05_09_25_<\/a><a href=\"https:\/\/blog.hwr-berlin.de\/steps-to-public-service\/wp-content\/uploads_stepstopublicservice\/2025\/09\/Hospitationen_Profile_Steps-to-Public-Service_05_09_25_.pdf\" class=\"wp-block-file__button wp-element-button\" download aria-describedby=\"wp-block-file--media-bcbb8a97-285f-4373-b428-6ae527949d7f\">Herunterladen<\/a><\/div>\n\n\n\n<p>Bei Interesse, in Ihrer Institution eine Hospitation in die Wege zu leiten, kontaktieren Sie uns gern jederzeit unter <a href=\"mailto:steps@hwr-berlin.de\">steps@hwr-berlin.de<\/a> .<\/p>\n\n\n\n<h2 class=\"wp-block-heading\"><strong>Warum sollten Sie Hospitationen anbieten?<\/strong><\/h2>\n\n\n\n<ol class=\"wp-block-list\">\n<li><strong>Vielfalt f\u00f6rdern:<\/strong> Durch die Einbindung von Teilnehmer*innen mit internationalen Hintergr\u00fcnden tragen Sie aktiv zur Diversit\u00e4t in Ihrer Verwaltung bei, was zu einem bereichernden Arbeitsumfeld f\u00fchrt.<\/li>\n\n\n\n<li><strong>Fachkr\u00e4ftemangel begegnen:<\/strong> Indem Sie Hospitationsm\u00f6glichkeiten bereitstellen, unterst\u00fctzen Sie das Programm dabei, hochqualifizierte Fachkr\u00e4fte f\u00fcr den Berliner Arbeitsmarkt zu gewinnen.<\/li>\n\n\n\n<li><strong>Praxisnahe Qualifizierung:<\/strong> Die Teilnehmer*innen k\u00f6nnen durch Hospitationen praxisnahe Einblicke in die Arbeitsabl\u00e4ufe der Verwaltung gewinnen, was ihre Qualifizierung gezielt und praxisorientiert gestaltet.<\/li>\n<\/ol>\n\n\n\n<p><strong>Wie k\u00f6nnen Sie teilnehmen?<\/strong><\/p>\n\n\n\n<p>Bieten Sie den Teilnehmer:innen von &#8222;Steps to Public Service&#8220; die Gelegenheit zu Hospitationen in Ihren Abteilungen oder Beh\u00f6rden an. Dies kann durch Job Shadowing, begleitete Besuche, oder Teilnahme an relevanten Meetings erfolgen.<\/p>\n\n\n\n<p><strong>Ihre Unterst\u00fctzung macht den Unterschied!<\/strong><\/p>\n\n\n\n<p>Ihre Bereitschaft, Hospitationen anzubieten, ist von unsch\u00e4tzbarem Wert f\u00fcr den Erfolg dieses wegweisenden Projekts. Wir sind \u00fcberzeugt, dass eine enge Zusammenarbeit zwischen Bildungseinrichtungen und der Verwaltung einen bedeutenden Beitrag zur Gestaltung einer qualifizierten und diversen Arbeitswelt leisten kann.<\/p>\n\n\n\n<p>F\u00fcr <a href=\"https:\/\/www.hwr-berlin.de\/kooperationen\/regionale-partner\/regionales-integrationsnetzwerk-berlin\/\">weitere Informationen <\/a>oder um Ihr Interesse zu bekunden, stehen wir Ihnen gerne zur Verf\u00fcgung. Kontaktieren Sie uns unter <a href=\"mailto:steps@hwr-berlin.de\">steps@hwr-berlin.de<\/a> oder telefonisch unter +49 30 30877-2567.<\/p>\n\n\n\n<p>Gemeinsam gestalten wir eine zukunftsorientierte und vielf\u00e4ltige Verwaltung!<\/p>\n","protected":false},"excerpt":{"rendered":"<p>Hospitationen f\u00fcr &#8222;Steps to Public Service&#8220; \u2013 Gemeinsam f\u00fcr eine vielf\u00e4ltige und qualifizierte Verwaltung wir m\u00f6chten Sie herzlich dazu einladen, sich aktiv an unserem wegweisenden Programm &#8222;Steps to Public Service&#8220; zu beteiligen. Das Ziel dieses Projekts ist es, hochqualifizierte Absolvent*innen mit ausl\u00e4ndischen Hochschulabschl\u00fcssen auf eine bildungsad\u00e4quate Erwerbst\u00e4tigkeit in der Verwaltung vorzubereiten. Gleichzeitig soll das Projekt [&hellip;]<\/p>\n","protected":false},"author":2,"featured_media":183,"parent":0,"menu_order":0,"comment_status":"closed","ping_status":"closed","template":"","meta":{"footnotes":""},"class_list":["post-32","page","type-page","status-publish","has-post-thumbnail","hentry","post"],"yoast_head":"<!-- This site is optimized with the Yoast SEO plugin v27.3 - https:\/\/yoast.com\/product\/yoast-seo-wordpress\/ -->\n<title>F\u00fcr die Verwaltung - Steps<\/title>\n<meta name=\"description\" content=\"Hospitationen bieten wertvolle Einblicke in Verwaltungsaufgaben und sind zentraler Bestandteil unseres Projekts f\u00fcr die Teilnehmer:innen.\" \/>\n<meta name=\"robots\" content=\"index, follow, max-snippet:-1, max-image-preview:large, max-video-preview:-1\" \/>\n<link rel=\"canonical\" href=\"https:\/\/blog.hwr-berlin.de\/steps-to-public-service\/fuer-unternehmen\/\" \/>\n<meta property=\"og:locale\" content=\"de_DE\" \/>\n<meta property=\"og:type\" content=\"article\" \/>\n<meta property=\"og:title\" content=\"F\u00fcr die Verwaltung - Steps\" \/>\n<meta property=\"og:description\" content=\"Hospitationen bieten wertvolle Einblicke in Verwaltungsaufgaben und sind zentraler Bestandteil unseres Projekts f\u00fcr die Teilnehmer:innen.\" \/>\n<meta property=\"og:url\" content=\"https:\/\/blog.hwr-berlin.de\/steps-to-public-service\/fuer-unternehmen\/\" \/>\n<meta property=\"og:site_name\" content=\"Steps\" \/>\n<meta property=\"article:modified_time\" content=\"2025-09-05T13:27:12+00:00\" \/>\n<meta property=\"og:image\" content=\"https:\/\/blog.hwr-berlin.de\/steps-to-public-service\/wp-content\/uploads_stepstopublicservice\/2023\/12\/2.jpg\" \/>\n\t<meta property=\"og:image:width\" content=\"2016\" \/>\n\t<meta property=\"og:image:height\" content=\"1512\" \/>\n\t<meta property=\"og:image:type\" content=\"image\/jpeg\" \/>\n<meta name=\"twitter:card\" content=\"summary_large_image\" \/>\n<meta name=\"twitter:label1\" content=\"Gesch\u00e4tzte Lesezeit\" \/>\n\t<meta name=\"twitter:data1\" content=\"3\u00a0Minuten\" \/>\n<script type=\"application\/ld+json\" class=\"yoast-schema-graph\">{\"@context\":\"https:\\\/\\\/schema.org\",\"@graph\":[{\"@type\":\"WebPage\",\"@id\":\"https:\\\/\\\/blog.hwr-berlin.de\\\/steps-to-public-service\\\/fuer-unternehmen\\\/\",\"url\":\"https:\\\/\\\/blog.hwr-berlin.de\\\/steps-to-public-service\\\/fuer-unternehmen\\\/\",\"name\":\"F\u00fcr die Verwaltung - Steps\",\"isPartOf\":{\"@id\":\"https:\\\/\\\/blog.hwr-berlin.de\\\/steps-to-public-service\\\/#website\"},\"primaryImageOfPage\":{\"@id\":\"https:\\\/\\\/blog.hwr-berlin.de\\\/steps-to-public-service\\\/fuer-unternehmen\\\/#primaryimage\"},\"image\":{\"@id\":\"https:\\\/\\\/blog.hwr-berlin.de\\\/steps-to-public-service\\\/fuer-unternehmen\\\/#primaryimage\"},\"thumbnailUrl\":\"https:\\\/\\\/blog.hwr-berlin.de\\\/steps-to-public-service\\\/wp-content\\\/uploads_stepstopublicservice\\\/2023\\\/12\\\/2.jpg\",\"datePublished\":\"2023-11-06T07:39:03+00:00\",\"dateModified\":\"2025-09-05T13:27:12+00:00\",\"description\":\"Hospitationen bieten wertvolle Einblicke in Verwaltungsaufgaben und sind zentraler Bestandteil unseres Projekts f\u00fcr die Teilnehmer:innen.\",\"breadcrumb\":{\"@id\":\"https:\\\/\\\/blog.hwr-berlin.de\\\/steps-to-public-service\\\/fuer-unternehmen\\\/#breadcrumb\"},\"inLanguage\":\"de\",\"potentialAction\":[{\"@type\":\"ReadAction\",\"target\":[\"https:\\\/\\\/blog.hwr-berlin.de\\\/steps-to-public-service\\\/fuer-unternehmen\\\/\"]}]},{\"@type\":\"ImageObject\",\"inLanguage\":\"de\",\"@id\":\"https:\\\/\\\/blog.hwr-berlin.de\\\/steps-to-public-service\\\/fuer-unternehmen\\\/#primaryimage\",\"url\":\"https:\\\/\\\/blog.hwr-berlin.de\\\/steps-to-public-service\\\/wp-content\\\/uploads_stepstopublicservice\\\/2023\\\/12\\\/2.jpg\",\"contentUrl\":\"https:\\\/\\\/blog.hwr-berlin.de\\\/steps-to-public-service\\\/wp-content\\\/uploads_stepstopublicservice\\\/2023\\\/12\\\/2.jpg\",\"width\":2016,\"height\":1512},{\"@type\":\"BreadcrumbList\",\"@id\":\"https:\\\/\\\/blog.hwr-berlin.de\\\/steps-to-public-service\\\/fuer-unternehmen\\\/#breadcrumb\",\"itemListElement\":[{\"@type\":\"ListItem\",\"position\":1,\"name\":\"Startseite\",\"item\":\"https:\\\/\\\/blog.hwr-berlin.de\\\/steps-to-public-service\\\/\"},{\"@type\":\"ListItem\",\"position\":2,\"name\":\"F\u00fcr die Verwaltung\"}]},{\"@type\":\"WebSite\",\"@id\":\"https:\\\/\\\/blog.hwr-berlin.de\\\/steps-to-public-service\\\/#website\",\"url\":\"https:\\\/\\\/blog.hwr-berlin.de\\\/steps-to-public-service\\\/\",\"name\":\"Steps\",\"description\":\"\",\"publisher\":{\"@id\":\"https:\\\/\\\/blog.hwr-berlin.de\\\/steps-to-public-service\\\/#organization\"},\"potentialAction\":[{\"@type\":\"SearchAction\",\"target\":{\"@type\":\"EntryPoint\",\"urlTemplate\":\"https:\\\/\\\/blog.hwr-berlin.de\\\/steps-to-public-service\\\/?s={search_term_string}\"},\"query-input\":{\"@type\":\"PropertyValueSpecification\",\"valueRequired\":true,\"valueName\":\"search_term_string\"}}],\"inLanguage\":\"de\"},{\"@type\":\"Organization\",\"@id\":\"https:\\\/\\\/blog.hwr-berlin.de\\\/steps-to-public-service\\\/#organization\",\"name\":\"Steps\",\"url\":\"https:\\\/\\\/blog.hwr-berlin.de\\\/steps-to-public-service\\\/\",\"logo\":{\"@type\":\"ImageObject\",\"inLanguage\":\"de\",\"@id\":\"https:\\\/\\\/blog.hwr-berlin.de\\\/steps-to-public-service\\\/#\\\/schema\\\/logo\\\/image\\\/\",\"url\":\"https:\\\/\\\/blog.hwr-berlin.de\\\/steps-to-public-service\\\/wp-content\\\/uploads_stepstopublicservice\\\/2023\\\/11\\\/cropped-cropped-Kopie-von-Steps-to-Public-Service.png\",\"contentUrl\":\"https:\\\/\\\/blog.hwr-berlin.de\\\/steps-to-public-service\\\/wp-content\\\/uploads_stepstopublicservice\\\/2023\\\/11\\\/cropped-cropped-Kopie-von-Steps-to-Public-Service.png\",\"width\":512,\"height\":512,\"caption\":\"Steps\"},\"image\":{\"@id\":\"https:\\\/\\\/blog.hwr-berlin.de\\\/steps-to-public-service\\\/#\\\/schema\\\/logo\\\/image\\\/\"},\"sameAs\":[\"https:\\\/\\\/www.linkedin.com\\\/company\\\/steps-to-public-service\\\/\"]}]}<\/script>\n<!-- \/ Yoast SEO plugin. -->","yoast_head_json":{"title":"F\u00fcr die Verwaltung - Steps","description":"Hospitationen bieten wertvolle Einblicke in Verwaltungsaufgaben und sind zentraler Bestandteil unseres Projekts f\u00fcr die Teilnehmer:innen.","robots":{"index":"index","follow":"follow","max-snippet":"max-snippet:-1","max-image-preview":"max-image-preview:large","max-video-preview":"max-video-preview:-1"},"canonical":"https:\/\/blog.hwr-berlin.de\/steps-to-public-service\/fuer-unternehmen\/","og_locale":"de_DE","og_type":"article","og_title":"F\u00fcr die Verwaltung - Steps","og_description":"Hospitationen bieten wertvolle Einblicke in Verwaltungsaufgaben und sind zentraler Bestandteil unseres Projekts f\u00fcr die Teilnehmer:innen.","og_url":"https:\/\/blog.hwr-berlin.de\/steps-to-public-service\/fuer-unternehmen\/","og_site_name":"Steps","article_modified_time":"2025-09-05T13:27:12+00:00","og_image":[{"width":2016,"height":1512,"url":"https:\/\/blog.hwr-berlin.de\/steps-to-public-service\/wp-content\/uploads_stepstopublicservice\/2023\/12\/2.jpg","type":"image\/jpeg"}],"twitter_card":"summary_large_image","twitter_misc":{"Gesch\u00e4tzte Lesezeit":"3\u00a0Minuten"},"schema":{"@context":"https:\/\/schema.org","@graph":[{"@type":"WebPage","@id":"https:\/\/blog.hwr-berlin.de\/steps-to-public-service\/fuer-unternehmen\/","url":"https:\/\/blog.hwr-berlin.de\/steps-to-public-service\/fuer-unternehmen\/","name":"F\u00fcr die Verwaltung - Steps","isPartOf":{"@id":"https:\/\/blog.hwr-berlin.de\/steps-to-public-service\/#website"},"primaryImageOfPage":{"@id":"https:\/\/blog.hwr-berlin.de\/steps-to-public-service\/fuer-unternehmen\/#primaryimage"},"image":{"@id":"https:\/\/blog.hwr-berlin.de\/steps-to-public-service\/fuer-unternehmen\/#primaryimage"},"thumbnailUrl":"https:\/\/blog.hwr-berlin.de\/steps-to-public-service\/wp-content\/uploads_stepstopublicservice\/2023\/12\/2.jpg","datePublished":"2023-11-06T07:39:03+00:00","dateModified":"2025-09-05T13:27:12+00:00","description":"Hospitationen bieten wertvolle Einblicke in Verwaltungsaufgaben und sind zentraler Bestandteil unseres Projekts f\u00fcr die Teilnehmer:innen.","breadcrumb":{"@id":"https:\/\/blog.hwr-berlin.de\/steps-to-public-service\/fuer-unternehmen\/#breadcrumb"},"inLanguage":"de","potentialAction":[{"@type":"ReadAction","target":["https:\/\/blog.hwr-berlin.de\/steps-to-public-service\/fuer-unternehmen\/"]}]},{"@type":"ImageObject","inLanguage":"de","@id":"https:\/\/blog.hwr-berlin.de\/steps-to-public-service\/fuer-unternehmen\/#primaryimage","url":"https:\/\/blog.hwr-berlin.de\/steps-to-public-service\/wp-content\/uploads_stepstopublicservice\/2023\/12\/2.jpg","contentUrl":"https:\/\/blog.hwr-berlin.de\/steps-to-public-service\/wp-content\/uploads_stepstopublicservice\/2023\/12\/2.jpg","width":2016,"height":1512},{"@type":"BreadcrumbList","@id":"https:\/\/blog.hwr-berlin.de\/steps-to-public-service\/fuer-unternehmen\/#breadcrumb","itemListElement":[{"@type":"ListItem","position":1,"name":"Startseite","item":"https:\/\/blog.hwr-berlin.de\/steps-to-public-service\/"},{"@type":"ListItem","position":2,"name":"F\u00fcr die Verwaltung"}]},{"@type":"WebSite","@id":"https:\/\/blog.hwr-berlin.de\/steps-to-public-service\/#website","url":"https:\/\/blog.hwr-berlin.de\/steps-to-public-service\/","name":"Steps","description":"","publisher":{"@id":"https:\/\/blog.hwr-berlin.de\/steps-to-public-service\/#organization"},"potentialAction":[{"@type":"SearchAction","target":{"@type":"EntryPoint","urlTemplate":"https:\/\/blog.hwr-berlin.de\/steps-to-public-service\/?s={search_term_string}"},"query-input":{"@type":"PropertyValueSpecification","valueRequired":true,"valueName":"search_term_string"}}],"inLanguage":"de"},{"@type":"Organization","@id":"https:\/\/blog.hwr-berlin.de\/steps-to-public-service\/#organization","name":"Steps","url":"https:\/\/blog.hwr-berlin.de\/steps-to-public-service\/","logo":{"@type":"ImageObject","inLanguage":"de","@id":"https:\/\/blog.hwr-berlin.de\/steps-to-public-service\/#\/schema\/logo\/image\/","url":"https:\/\/blog.hwr-berlin.de\/steps-to-public-service\/wp-content\/uploads_stepstopublicservice\/2023\/11\/cropped-cropped-Kopie-von-Steps-to-Public-Service.png","contentUrl":"https:\/\/blog.hwr-berlin.de\/steps-to-public-service\/wp-content\/uploads_stepstopublicservice\/2023\/11\/cropped-cropped-Kopie-von-Steps-to-Public-Service.png","width":512,"height":512,"caption":"Steps"},"image":{"@id":"https:\/\/blog.hwr-berlin.de\/steps-to-public-service\/#\/schema\/logo\/image\/"},"sameAs":["https:\/\/www.linkedin.com\/company\/steps-to-public-service\/"]}]}},"_links":{"self":[{"href":"https:\/\/blog.hwr-berlin.de\/steps-to-public-service\/wp-json\/wp\/v2\/pages\/32","targetHints":{"allow":["GET"]}}],"collection":[{"href":"https:\/\/blog.hwr-berlin.de\/steps-to-public-service\/wp-json\/wp\/v2\/pages"}],"about":[{"href":"https:\/\/blog.hwr-berlin.de\/steps-to-public-service\/wp-json\/wp\/v2\/types\/page"}],"author":[{"embeddable":true,"href":"https:\/\/blog.hwr-berlin.de\/steps-to-public-service\/wp-json\/wp\/v2\/users\/2"}],"replies":[{"embeddable":true,"href":"https:\/\/blog.hwr-berlin.de\/steps-to-public-service\/wp-json\/wp\/v2\/comments?post=32"}],"version-history":[{"count":39,"href":"https:\/\/blog.hwr-berlin.de\/steps-to-public-service\/wp-json\/wp\/v2\/pages\/32\/revisions"}],"predecessor-version":[{"id":460,"href":"https:\/\/blog.hwr-berlin.de\/steps-to-public-service\/wp-json\/wp\/v2\/pages\/32\/revisions\/460"}],"wp:featuredmedia":[{"embeddable":true,"href":"https:\/\/blog.hwr-berlin.de\/steps-to-public-service\/wp-json\/wp\/v2\/media\/183"}],"wp:attachment":[{"href":"https:\/\/blog.hwr-berlin.de\/steps-to-public-service\/wp-json\/wp\/v2\/media?parent=32"}],"curies":[{"name":"wp","href":"https:\/\/api.w.org\/{rel}","templated":true}]}}