

{"id":9,"date":"2023-11-02T15:06:57","date_gmt":"2023-11-02T14:06:57","guid":{"rendered":"https:\/\/blog.hwr-berlin.de\/steps-to-public-service\/?page_id=9"},"modified":"2025-08-11T11:10:22","modified_gmt":"2025-08-11T09:10:22","slug":"startseite","status":"publish","type":"page","link":"https:\/\/blog.hwr-berlin.de\/steps-to-public-service\/","title":{"rendered":"IQ-Projekt ,,Steps to Public Service&#8220; Qualifizierung f\u00fcr die \u00f6ffentliche Verwaltung"},"content":{"rendered":"\n<p><mark style=\"background-color:rgba(0, 0, 0, 0)\" class=\"has-inline-color has-vivid-red-color\">Aktuell ist keine weitere Aufnahme in das Projekt mehr m\u00f6glich, da das Projekt am 31.12.2025 endet und der aktuelle Projektzyklus bereits begonnen hat.<\/mark><\/p>\n\n\n\n<p>Entdecken Sie unsere innovative Br\u00fcckenma\u00dfnahme, die darauf abzielt, Absolvent*innen mit ausl\u00e4ndischem Hochschulabschluss den Weg zu einer erfolgreichen Karriere in die \u00f6ffentliche Verwaltung zu ebnen. Unser Ziel ist es, Ihnen eine bildungsad\u00e4quate Erwerbst\u00e4tigkeit zu erm\u00f6glichen und gleichzeitig einen wichtigen Beitrag zur Bew\u00e4ltigung des Fachkr\u00e4ftemangels in der Verwaltung zu leisten. Mit &#8222;Steps to Public Service&#8220; qualifizieren wir Sie f\u00fcr einen reibungslosen Einstieg in den Arbeitsmarkt. Durchgef\u00fchrt wird das Projekt von der<a href=\"https:\/\/www.hwr-berlin.de\/kooperationen\/regionale-partner\/regionales-integrationsnetzwerk-berlin\/\"> HWR Berlin<\/a> als Teilprojekt des <a href=\"https:\/\/www.netzwerk-iq.de\/\">Regionalen Integrationsnetzwerkes Berlin (RIN)<\/a>. Projektende ist der 31.12.2025.<\/p>\n\n\n\n<figure class=\"wp-block-image size-large\"><img loading=\"lazy\" decoding=\"async\" width=\"1024\" height=\"137\" src=\"https:\/\/blog.hwr-berlin.de\/steps-to-public-service\/wp-content\/uploads_stepstopublicservice\/2024\/01\/Foerderleiste_2023_einzeilig-1-1024x137.jpg\" alt=\"F\u00f6rderleiste Qualifizierung f\u00fcr die Berliner Verwaltung\" class=\"wp-image-235\" srcset=\"https:\/\/blog.hwr-berlin.de\/steps-to-public-service\/wp-content\/uploads_stepstopublicservice\/2024\/01\/Foerderleiste_2023_einzeilig-1-1024x137.jpg 1024w, https:\/\/blog.hwr-berlin.de\/steps-to-public-service\/wp-content\/uploads_stepstopublicservice\/2024\/01\/Foerderleiste_2023_einzeilig-1-300x40.jpg 300w, https:\/\/blog.hwr-berlin.de\/steps-to-public-service\/wp-content\/uploads_stepstopublicservice\/2024\/01\/Foerderleiste_2023_einzeilig-1-768x103.jpg 768w, https:\/\/blog.hwr-berlin.de\/steps-to-public-service\/wp-content\/uploads_stepstopublicservice\/2024\/01\/Foerderleiste_2023_einzeilig-1-1536x206.jpg 1536w, https:\/\/blog.hwr-berlin.de\/steps-to-public-service\/wp-content\/uploads_stepstopublicservice\/2024\/01\/Foerderleiste_2023_einzeilig-1-2048x274.jpg 2048w\" sizes=\"auto, (max-width: 1024px) 100vw, 1024px\" \/><\/figure>\n\n\n\n<h2 class=\"wp-block-heading has-text-align-left has-black-color has-text-color has-link-color has-medium-font-size wp-elements-b12f5158c46b662677afd7e4e48aaca7\"><strong>Warum &#8222;Steps to Public Service&#8220;?<\/strong><\/h2>\n\n\n\n<p class=\"has-text-align-left has-black-color has-text-color has-link-color wp-elements-d9e836eb3a8c1bcaa84ddce73d67a45b\">Die \u00f6ffentliche Verwaltung verzeichnet einen zunehmenden Fachkr\u00e4ftemangel, w\u00e4hrend viele hochqualifizierte Akademiker*innen mit ausl\u00e4ndischen Bildungsabschl\u00fcssen ungenutztes Potenzial darstellen. Unser Programm bietet eine ma\u00dfgeschneiderte modulare Qualifizierung f\u00fcr akademische Absolvent*innen, die grunds\u00e4tzlich f\u00fcr den \u00d6ffentlichen Dienst geeignet sind.<\/p>\n\n\n\n<h2 class=\"wp-block-heading has-text-align-left has-black-color has-text-color has-link-color has-medium-font-size wp-elements-c836ab6cf8bd480c642fef6e957591c6\"><strong>F\u00fcr wen ist &#8222;Steps to Public Service&#8220; geeignet?<\/strong><\/h2>\n\n\n\n<p class=\"has-text-align-left has-black-color has-text-color has-link-color wp-elements-cefbc22d8fb05c88c810474578d99923\">Wenn Sie einen ausl\u00e4ndischen Hochschulabschluss besitzen, in Berlin leben, gute Deutschkenntnisse (ab B2) vorweisen k\u00f6nnen und Interesse an einer T\u00e4tigkeit in der Verwaltung haben, dann ist dieses Programm genau das Richtige f\u00fcr Sie. Erfahren Sie <a href=\"https:\/\/blog.hwr-berlin.de\/steps-to-public-service\/teilnehmerinnen\/\" target=\"_blank\" rel=\"noreferrer noopener\">HIER<\/a> mehr \u00fcber die Teilnahmebedingungen.<\/p>\n\n\n\n<h2 class=\"wp-block-heading has-text-align-left has-black-color has-text-color has-link-color has-medium-font-size wp-elements-4a5ecb27a99ae599080915d774fd307a\"><strong>Wie gestaltet sich die Qualifizierung?<\/strong><\/h2>\n\n\n\n<p class=\"has-text-align-left has-black-color has-text-color has-link-color wp-elements-6214f4f35c4cb42491c7f7dceb944f25\">Unsere modulare Qualifizierungsma\u00dfnahme f\u00fcr die \u00f6ffentliche Verwaltung erm\u00f6glicht eine flexible und individuelle Anpassung an Ihre Bed\u00fcrfnisse. Infolgedessen ber\u00fccksichtigen wir Ihre Vorkenntnisse und erm\u00f6glichen Ihnen, die Ma\u00dfnahme berufsbegleitend oder abgestimmt mit Ihren famili\u00e4ren Bed\u00fcrfnissen zu absolvieren. Mit verschiedenen Formaten, darunter Pr\u00e4senzveranstaltungen, Blended Learning und Online-Formate, bieten wir Ihnen maximale Flexibilit\u00e4t.<\/p>\n\n\n\n<p>Erhalten Sie aktuelle Einblicke in unsere Arbeit <a href=\"https:\/\/www.linkedin.com\/company\/steps-to-public-service\/\">auf unserem LinkedIn Account.<\/a><\/p>\n\n\n\n<h2 class=\"wp-block-heading has-text-align-left has-black-color has-text-color has-link-color has-medium-font-size wp-elements-8fd755825b08f1518b0bb2cd8c6c1102\"><strong>Was beinhaltet &#8222;Steps to Public Service&#8220;?<\/strong><\/h2>\n\n\n\n<p class=\"has-text-align-left has-black-color has-text-color has-link-color wp-elements-091ecc2515a1195c2c51e8bdc88d308f\">Das Programm umfasst relevante Fachmodule aus den Bereichen Verwaltungswissenschaft, Verwaltungsinformatik und Recht. Eine Ringvorlesung vermittelt Praxisvortr\u00e4ge zu grundlegenden Kenntnissen \u00fcber die Berliner Verwaltung. Schl\u00fcsselkompetenzen wie Nachhaltigkeit, Rhetorik und Digitalisierung werden ebenfalls abgedeckt. Zus\u00e4tzlich bieten wir Career Coaching, Hospitationen in \u00f6ffentlichen Verwaltungen und Netzwerkveranstaltungen, um Ihnen einen umfassenden Einblick zu gew\u00e4hren.<\/p>\n\n\n\n<h2 class=\"wp-block-heading has-text-align-left has-black-color has-text-color has-link-color has-medium-font-size wp-elements-b4250eea1e2d6100e18e7cd8dbe82c81\"><strong>Wie l\u00e4uft die Qualifizierung ab?<\/strong><\/h2>\n\n\n\n<p class=\"has-text-align-left has-black-color has-text-color has-link-color wp-elements-ec8956266796c3fd7ae7fa1cfa081afe\">Die Qualifizierung dauert in der Regel ein Jahr, kann jedoch bei berufsbegleitender Teilnahme verl\u00e4ngert werden. Nach erfolgreichem Abschluss erhalten Sie ein Zertifikat, das Ihre erworbenen Kenntnisse und Kompetenzen dokumentiert.<\/p>\n\n\n\n<p class=\"has-text-align-left has-black-color has-text-color has-link-color wp-elements-2023487713deca1daf7882ccbd717225\"><strong>Machen Sie den ersten Schritt zu Ihrer erfolgreichen Karriere in der \u00f6ffentlichen Verwaltung! Kontaktieren Sie uns unter <a href=\"mailto:steps@hwr-berlin.de\">steps@hwr-berlin.de<\/a> oder telefonisch unter +49 30 30877-2567. Jan Fritsche steht Ihnen gerne f\u00fcr weitere Informationen zur Verf\u00fcgung.<\/strong><\/p>\n\n\n\n<p class=\"has-text-align-left has-black-color has-text-color has-link-color wp-elements-e67eb30859ffe2113779ff625add3474\">&#8222;Steps to Public Service&#8220; &#8211; Ihr Weg zu einer erf\u00fcllenden beruflichen Zukunft in der Verwaltung!<\/p>\n\n\n\n<h3 class=\"wp-block-heading\">Charta der Grundrechte der Europ\u00e4ischen Union<\/h3>\n\n\n\n<p>Bei der Vorhabensumsetzung beachten wir die <a href=\"https:\/\/www.europarl.europa.eu\/charter\/pdf\/text_de.pdf\">Charta der Grundrechte der Europ\u00e4ischen Union<\/a>.<\/p>\n\n\n\n<h3 class=\"wp-block-heading\">Gesetz der offenen T\u00fcr<\/h3>\n\n\n\n<p><a href=\"https:\/\/www.berlin.de\/lb\/intmig\/themen\/partizipation-in-der-migrationsgesellschaft\/\">https:\/\/www.berlin.de\/lb\/intmig\/themen\/partizipation-in-der-migrationsgesellschaft\/<\/a><\/p>\n\n\n\n<h3 class=\"wp-block-heading\">F\u00f6rderung<\/h3>\n\n\n\n<p>Steps to Public Service ist ein Teilprojekt des Regionalen Integrationsnetzwerkes Berlin (RIN) und wird koordiniert durch die&nbsp;<a href=\"https:\/\/www.berlin.de\/lb\/intmig\/themen\/ausbildung-und-arbeit\/iq-landesnetzwerk-berlin\/\" target=\"_blank\" rel=\"noreferrer noopener\">Senatsverwaltung f\u00fcr Arbeit, Soziales, Gleichstellung, Integration, Vielfalt und Antidiskriminierung<\/a>.<\/p>\n\n\n\n<p>Das F\u00f6rderprogramm IQ \u2212 Integration durch Qualifizierung wird durch das&nbsp;<a href=\"https:\/\/www.bmas.de\/DE\/Startseite\/start.html\" target=\"_blank\" rel=\"noreferrer noopener\">Bundesministerium f\u00fcr Arbeit und Soziales<\/a>&nbsp;und die&nbsp;<a href=\"https:\/\/ec.europa.eu\/european-social-fund-plus\/de\" target=\"_blank\" rel=\"noreferrer noopener\">Europ\u00e4ische Union<\/a>&nbsp;\u00fcber den&nbsp;<a href=\"https:\/\/www.esf.de\/portal\/DE\/Startseite\/inhalt.html\" target=\"_blank\" rel=\"noreferrer noopener\">Europ\u00e4ischen Sozialfonds Plus (ESF Plus)<\/a>&nbsp;gef\u00f6rdert und vom&nbsp;<a href=\"https:\/\/www.bamf.de\/DE\/Startseite\/startseite_node.html\" target=\"_blank\" rel=\"noreferrer noopener\">Bundesamt f\u00fcr Migration und Fl\u00fcchtlinge<\/a>&nbsp;administriert. Partner in der Umsetzung sind das&nbsp;<a href=\"http:\/\/www.bmbf.de\/\" target=\"_blank\" rel=\"noreferrer noopener\">Bundesministerium f\u00fcr Bildung, Familie, Senioren, Frauen und Jugend<\/a> und die&nbsp;<a href=\"http:\/\/www.arbeitsagentur.de\/\" target=\"_blank\" rel=\"noreferrer noopener\">Bundesagentur f\u00fcr Arbeit<\/a>.<\/p>\n\n\n\n<figure class=\"wp-block-image size-large\"><img loading=\"lazy\" decoding=\"async\" width=\"1024\" height=\"129\" src=\"https:\/\/blog.hwr-berlin.de\/steps-to-public-service\/wp-content\/uploads_stepstopublicservice\/2025\/07\/IQ_FL_2025_einzeilig_DE-1024x129.jpg\" alt=\"\" class=\"wp-image-447\" srcset=\"https:\/\/blog.hwr-berlin.de\/steps-to-public-service\/wp-content\/uploads_stepstopublicservice\/2025\/07\/IQ_FL_2025_einzeilig_DE-1024x129.jpg 1024w, https:\/\/blog.hwr-berlin.de\/steps-to-public-service\/wp-content\/uploads_stepstopublicservice\/2025\/07\/IQ_FL_2025_einzeilig_DE-300x38.jpg 300w, https:\/\/blog.hwr-berlin.de\/steps-to-public-service\/wp-content\/uploads_stepstopublicservice\/2025\/07\/IQ_FL_2025_einzeilig_DE-768x97.jpg 768w, https:\/\/blog.hwr-berlin.de\/steps-to-public-service\/wp-content\/uploads_stepstopublicservice\/2025\/07\/IQ_FL_2025_einzeilig_DE-1536x194.jpg 1536w, https:\/\/blog.hwr-berlin.de\/steps-to-public-service\/wp-content\/uploads_stepstopublicservice\/2025\/07\/IQ_FL_2025_einzeilig_DE-2048x258.jpg 2048w\" sizes=\"auto, (max-width: 1024px) 100vw, 1024px\" \/><\/figure>\n\n\n\n<p>Das F\u00f6rderprogramm IQ \u2212 Integration durch Qualifizierung zielt auf die nachhaltige Verbesserung<br>der Arbeitsmarktintegration von Erwachsenen ausl\u00e4ndischer Herkunft ab. Das Projekt Steps to Public Service wird im Rahmen des F\u00f6rderprogramms IQ \u2013 Integration durch Qualifizierung durch das <a href=\"https:\/\/www.bmas.de\/DE\/Startseite\/start.html\">Bundesministerium f\u00fcr Arbeit und Soziales<\/a> und die Europ\u00e4ische Union \u00fcber den Europ\u00e4ischen Sozialfonds Plus (ESF Plus) gef\u00f6rdert und vom Bundesamt f\u00fcr Migration und Fl\u00fcchtlinge administriert. Partner in der Umsetzung sind das Bundesministerium f\u00fcr Bildung, Familie, Senioren, Familie, Senioren, Frauen und Jugend und die Bundesagentur f\u00fcr Arbeit.<\/p>\n\n\n\n<p>&#8212;<\/p>\n\n\n\n<p>Das Regionale Integrationsnetzwerk Berlin wird zus\u00e4tzlich finanziert durch die Senatsverwaltung f\u00fcr Arbeit, Soziales, Gleichstellung, Integration, Vielfalt und Antidiskriminierung aus Landesmitteln, die das Abgeordnetenhaus von Berlin beschlossen hat.<\/p>\n\n\n\n<figure class=\"wp-block-image size-large\"><img loading=\"lazy\" decoding=\"async\" width=\"1024\" height=\"109\" src=\"https:\/\/blog.hwr-berlin.de\/steps-to-public-service\/wp-content\/uploads_stepstopublicservice\/2024\/06\/B_SEN_ASGIVA_PartIntMig_2erlogo_DE_H_PW_4C-1024x109.png\" alt=\"\" class=\"wp-image-271\" srcset=\"https:\/\/blog.hwr-berlin.de\/steps-to-public-service\/wp-content\/uploads_stepstopublicservice\/2024\/06\/B_SEN_ASGIVA_PartIntMig_2erlogo_DE_H_PW_4C-1024x109.png 1024w, https:\/\/blog.hwr-berlin.de\/steps-to-public-service\/wp-content\/uploads_stepstopublicservice\/2024\/06\/B_SEN_ASGIVA_PartIntMig_2erlogo_DE_H_PW_4C-300x32.png 300w, https:\/\/blog.hwr-berlin.de\/steps-to-public-service\/wp-content\/uploads_stepstopublicservice\/2024\/06\/B_SEN_ASGIVA_PartIntMig_2erlogo_DE_H_PW_4C-768x81.png 768w, https:\/\/blog.hwr-berlin.de\/steps-to-public-service\/wp-content\/uploads_stepstopublicservice\/2024\/06\/B_SEN_ASGIVA_PartIntMig_2erlogo_DE_H_PW_4C-1536x163.png 1536w, https:\/\/blog.hwr-berlin.de\/steps-to-public-service\/wp-content\/uploads_stepstopublicservice\/2024\/06\/B_SEN_ASGIVA_PartIntMig_2erlogo_DE_H_PW_4C-2048x217.png 2048w\" sizes=\"auto, (max-width: 1024px) 100vw, 1024px\" \/><\/figure>\n","protected":false},"excerpt":{"rendered":"<p>Aktuell ist keine weitere Aufnahme in das Projekt mehr m\u00f6glich, da das Projekt am 31.12.2025 endet und der aktuelle Projektzyklus bereits begonnen hat. Entdecken Sie unsere innovative Br\u00fcckenma\u00dfnahme, die darauf abzielt, Absolvent*innen mit ausl\u00e4ndischem Hochschulabschluss den Weg zu einer erfolgreichen Karriere in die \u00f6ffentliche Verwaltung zu ebnen. Unser Ziel ist es, Ihnen eine bildungsad\u00e4quate Erwerbst\u00e4tigkeit [&hellip;]<\/p>\n","protected":false},"author":1,"featured_media":247,"parent":0,"menu_order":0,"comment_status":"closed","ping_status":"closed","template":"","meta":{"footnotes":""},"class_list":["post-9","page","type-page","status-publish","has-post-thumbnail","hentry","post"],"yoast_head":"<!-- This site is optimized with the Yoast SEO plugin v27.3 - https:\/\/yoast.com\/product\/yoast-seo-wordpress\/ -->\n<title>IQ-Projekt ,,Steps to Public Service&quot; Qualifizierung f\u00fcr die \u00f6ffentliche Verwaltung - Steps<\/title>\n<meta name=\"description\" content=\"Steps to Public Service: Qualifizierung f\u00fcr die Berliner Verwaltung f\u00fcr Absolvent:innen mit ausl\u00e4ndischem Hochschulabschluss\" \/>\n<meta name=\"robots\" content=\"index, follow, max-snippet:-1, max-image-preview:large, max-video-preview:-1\" \/>\n<link rel=\"canonical\" href=\"https:\/\/blog.hwr-berlin.de\/steps-to-public-service\/\" \/>\n<meta property=\"og:locale\" content=\"de_DE\" \/>\n<meta property=\"og:type\" content=\"article\" \/>\n<meta property=\"og:title\" content=\"IQ-Projekt ,,Steps to Public Service&quot; Qualifizierung f\u00fcr die \u00f6ffentliche Verwaltung - Steps\" \/>\n<meta property=\"og:description\" content=\"Steps to Public Service: Qualifizierung f\u00fcr die Berliner Verwaltung f\u00fcr Absolvent:innen mit ausl\u00e4ndischem Hochschulabschluss\" \/>\n<meta property=\"og:url\" content=\"https:\/\/blog.hwr-berlin.de\/steps-to-public-service\/\" \/>\n<meta property=\"og:site_name\" content=\"Steps\" \/>\n<meta property=\"article:modified_time\" content=\"2025-08-11T09:10:22+00:00\" \/>\n<meta property=\"og:image\" content=\"https:\/\/blog.hwr-berlin.de\/steps-to-public-service\/wp-content\/uploads_stepstopublicservice\/2024\/02\/Design-ohne-Titel-1-1024x561.png\" \/>\n\t<meta property=\"og:image:width\" content=\"1024\" \/>\n\t<meta property=\"og:image:height\" content=\"561\" \/>\n\t<meta property=\"og:image:type\" content=\"image\/png\" \/>\n<meta name=\"twitter:card\" content=\"summary_large_image\" \/>\n<meta name=\"twitter:label1\" content=\"Gesch\u00e4tzte Lesezeit\" \/>\n\t<meta name=\"twitter:data1\" content=\"5\u00a0Minuten\" \/>\n<script type=\"application\/ld+json\" class=\"yoast-schema-graph\">{\"@context\":\"https:\\\/\\\/schema.org\",\"@graph\":[{\"@type\":\"WebPage\",\"@id\":\"https:\\\/\\\/blog.hwr-berlin.de\\\/steps-to-public-service\\\/\",\"url\":\"https:\\\/\\\/blog.hwr-berlin.de\\\/steps-to-public-service\\\/\",\"name\":\"IQ-Projekt ,,Steps to Public Service\\\" Qualifizierung f\u00fcr die \u00f6ffentliche Verwaltung - Steps\",\"isPartOf\":{\"@id\":\"https:\\\/\\\/blog.hwr-berlin.de\\\/steps-to-public-service\\\/#website\"},\"primaryImageOfPage\":{\"@id\":\"https:\\\/\\\/blog.hwr-berlin.de\\\/steps-to-public-service\\\/#primaryimage\"},\"image\":{\"@id\":\"https:\\\/\\\/blog.hwr-berlin.de\\\/steps-to-public-service\\\/#primaryimage\"},\"thumbnailUrl\":\"https:\\\/\\\/blog.hwr-berlin.de\\\/steps-to-public-service\\\/wp-content\\\/uploads_stepstopublicservice\\\/2024\\\/02\\\/Design-ohne-Titel-1.png\",\"datePublished\":\"2023-11-02T14:06:57+00:00\",\"dateModified\":\"2025-08-11T09:10:22+00:00\",\"description\":\"Steps to Public Service: Qualifizierung f\u00fcr die Berliner Verwaltung f\u00fcr Absolvent:innen mit ausl\u00e4ndischem Hochschulabschluss\",\"breadcrumb\":{\"@id\":\"https:\\\/\\\/blog.hwr-berlin.de\\\/steps-to-public-service\\\/#breadcrumb\"},\"inLanguage\":\"de\",\"potentialAction\":[{\"@type\":\"ReadAction\",\"target\":[\"https:\\\/\\\/blog.hwr-berlin.de\\\/steps-to-public-service\\\/\"]}]},{\"@type\":\"ImageObject\",\"inLanguage\":\"de\",\"@id\":\"https:\\\/\\\/blog.hwr-berlin.de\\\/steps-to-public-service\\\/#primaryimage\",\"url\":\"https:\\\/\\\/blog.hwr-berlin.de\\\/steps-to-public-service\\\/wp-content\\\/uploads_stepstopublicservice\\\/2024\\\/02\\\/Design-ohne-Titel-1.png\",\"contentUrl\":\"https:\\\/\\\/blog.hwr-berlin.de\\\/steps-to-public-service\\\/wp-content\\\/uploads_stepstopublicservice\\\/2024\\\/02\\\/Design-ohne-Titel-1.png\",\"width\":1997,\"height\":1095},{\"@type\":\"BreadcrumbList\",\"@id\":\"https:\\\/\\\/blog.hwr-berlin.de\\\/steps-to-public-service\\\/#breadcrumb\",\"itemListElement\":[{\"@type\":\"ListItem\",\"position\":1,\"name\":\"Startseite\",\"item\":\"https:\\\/\\\/blog.hwr-berlin.de\\\/steps-to-public-service\\\/\"},{\"@type\":\"ListItem\",\"position\":2,\"name\":\"IQ-Projekt ,,Steps to Public Service&#8220; Qualifizierung f\u00fcr die \u00f6ffentliche Verwaltung\"}]},{\"@type\":\"WebSite\",\"@id\":\"https:\\\/\\\/blog.hwr-berlin.de\\\/steps-to-public-service\\\/#website\",\"url\":\"https:\\\/\\\/blog.hwr-berlin.de\\\/steps-to-public-service\\\/\",\"name\":\"Steps\",\"description\":\"\",\"publisher\":{\"@id\":\"https:\\\/\\\/blog.hwr-berlin.de\\\/steps-to-public-service\\\/#organization\"},\"potentialAction\":[{\"@type\":\"SearchAction\",\"target\":{\"@type\":\"EntryPoint\",\"urlTemplate\":\"https:\\\/\\\/blog.hwr-berlin.de\\\/steps-to-public-service\\\/?s={search_term_string}\"},\"query-input\":{\"@type\":\"PropertyValueSpecification\",\"valueRequired\":true,\"valueName\":\"search_term_string\"}}],\"inLanguage\":\"de\"},{\"@type\":\"Organization\",\"@id\":\"https:\\\/\\\/blog.hwr-berlin.de\\\/steps-to-public-service\\\/#organization\",\"name\":\"Steps\",\"url\":\"https:\\\/\\\/blog.hwr-berlin.de\\\/steps-to-public-service\\\/\",\"logo\":{\"@type\":\"ImageObject\",\"inLanguage\":\"de\",\"@id\":\"https:\\\/\\\/blog.hwr-berlin.de\\\/steps-to-public-service\\\/#\\\/schema\\\/logo\\\/image\\\/\",\"url\":\"https:\\\/\\\/blog.hwr-berlin.de\\\/steps-to-public-service\\\/wp-content\\\/uploads_stepstopublicservice\\\/2023\\\/11\\\/cropped-cropped-Kopie-von-Steps-to-Public-Service.png\",\"contentUrl\":\"https:\\\/\\\/blog.hwr-berlin.de\\\/steps-to-public-service\\\/wp-content\\\/uploads_stepstopublicservice\\\/2023\\\/11\\\/cropped-cropped-Kopie-von-Steps-to-Public-Service.png\",\"width\":512,\"height\":512,\"caption\":\"Steps\"},\"image\":{\"@id\":\"https:\\\/\\\/blog.hwr-berlin.de\\\/steps-to-public-service\\\/#\\\/schema\\\/logo\\\/image\\\/\"},\"sameAs\":[\"https:\\\/\\\/www.linkedin.com\\\/company\\\/steps-to-public-service\\\/\"]}]}<\/script>\n<!-- \/ Yoast SEO plugin. -->","yoast_head_json":{"title":"IQ-Projekt ,,Steps to Public Service\" Qualifizierung f\u00fcr die \u00f6ffentliche Verwaltung - Steps","description":"Steps to Public Service: Qualifizierung f\u00fcr die Berliner Verwaltung f\u00fcr Absolvent:innen mit ausl\u00e4ndischem Hochschulabschluss","robots":{"index":"index","follow":"follow","max-snippet":"max-snippet:-1","max-image-preview":"max-image-preview:large","max-video-preview":"max-video-preview:-1"},"canonical":"https:\/\/blog.hwr-berlin.de\/steps-to-public-service\/","og_locale":"de_DE","og_type":"article","og_title":"IQ-Projekt ,,Steps to Public Service\" Qualifizierung f\u00fcr die \u00f6ffentliche Verwaltung - Steps","og_description":"Steps to Public Service: Qualifizierung f\u00fcr die Berliner Verwaltung f\u00fcr Absolvent:innen mit ausl\u00e4ndischem Hochschulabschluss","og_url":"https:\/\/blog.hwr-berlin.de\/steps-to-public-service\/","og_site_name":"Steps","article_modified_time":"2025-08-11T09:10:22+00:00","og_image":[{"width":1024,"height":561,"url":"https:\/\/blog.hwr-berlin.de\/steps-to-public-service\/wp-content\/uploads_stepstopublicservice\/2024\/02\/Design-ohne-Titel-1-1024x561.png","type":"image\/png"}],"twitter_card":"summary_large_image","twitter_misc":{"Gesch\u00e4tzte Lesezeit":"5\u00a0Minuten"},"schema":{"@context":"https:\/\/schema.org","@graph":[{"@type":"WebPage","@id":"https:\/\/blog.hwr-berlin.de\/steps-to-public-service\/","url":"https:\/\/blog.hwr-berlin.de\/steps-to-public-service\/","name":"IQ-Projekt ,,Steps to Public Service\" Qualifizierung f\u00fcr die \u00f6ffentliche Verwaltung - Steps","isPartOf":{"@id":"https:\/\/blog.hwr-berlin.de\/steps-to-public-service\/#website"},"primaryImageOfPage":{"@id":"https:\/\/blog.hwr-berlin.de\/steps-to-public-service\/#primaryimage"},"image":{"@id":"https:\/\/blog.hwr-berlin.de\/steps-to-public-service\/#primaryimage"},"thumbnailUrl":"https:\/\/blog.hwr-berlin.de\/steps-to-public-service\/wp-content\/uploads_stepstopublicservice\/2024\/02\/Design-ohne-Titel-1.png","datePublished":"2023-11-02T14:06:57+00:00","dateModified":"2025-08-11T09:10:22+00:00","description":"Steps to Public Service: Qualifizierung f\u00fcr die Berliner Verwaltung f\u00fcr Absolvent:innen mit ausl\u00e4ndischem Hochschulabschluss","breadcrumb":{"@id":"https:\/\/blog.hwr-berlin.de\/steps-to-public-service\/#breadcrumb"},"inLanguage":"de","potentialAction":[{"@type":"ReadAction","target":["https:\/\/blog.hwr-berlin.de\/steps-to-public-service\/"]}]},{"@type":"ImageObject","inLanguage":"de","@id":"https:\/\/blog.hwr-berlin.de\/steps-to-public-service\/#primaryimage","url":"https:\/\/blog.hwr-berlin.de\/steps-to-public-service\/wp-content\/uploads_stepstopublicservice\/2024\/02\/Design-ohne-Titel-1.png","contentUrl":"https:\/\/blog.hwr-berlin.de\/steps-to-public-service\/wp-content\/uploads_stepstopublicservice\/2024\/02\/Design-ohne-Titel-1.png","width":1997,"height":1095},{"@type":"BreadcrumbList","@id":"https:\/\/blog.hwr-berlin.de\/steps-to-public-service\/#breadcrumb","itemListElement":[{"@type":"ListItem","position":1,"name":"Startseite","item":"https:\/\/blog.hwr-berlin.de\/steps-to-public-service\/"},{"@type":"ListItem","position":2,"name":"IQ-Projekt ,,Steps to Public Service&#8220; Qualifizierung f\u00fcr die \u00f6ffentliche Verwaltung"}]},{"@type":"WebSite","@id":"https:\/\/blog.hwr-berlin.de\/steps-to-public-service\/#website","url":"https:\/\/blog.hwr-berlin.de\/steps-to-public-service\/","name":"Steps","description":"","publisher":{"@id":"https:\/\/blog.hwr-berlin.de\/steps-to-public-service\/#organization"},"potentialAction":[{"@type":"SearchAction","target":{"@type":"EntryPoint","urlTemplate":"https:\/\/blog.hwr-berlin.de\/steps-to-public-service\/?s={search_term_string}"},"query-input":{"@type":"PropertyValueSpecification","valueRequired":true,"valueName":"search_term_string"}}],"inLanguage":"de"},{"@type":"Organization","@id":"https:\/\/blog.hwr-berlin.de\/steps-to-public-service\/#organization","name":"Steps","url":"https:\/\/blog.hwr-berlin.de\/steps-to-public-service\/","logo":{"@type":"ImageObject","inLanguage":"de","@id":"https:\/\/blog.hwr-berlin.de\/steps-to-public-service\/#\/schema\/logo\/image\/","url":"https:\/\/blog.hwr-berlin.de\/steps-to-public-service\/wp-content\/uploads_stepstopublicservice\/2023\/11\/cropped-cropped-Kopie-von-Steps-to-Public-Service.png","contentUrl":"https:\/\/blog.hwr-berlin.de\/steps-to-public-service\/wp-content\/uploads_stepstopublicservice\/2023\/11\/cropped-cropped-Kopie-von-Steps-to-Public-Service.png","width":512,"height":512,"caption":"Steps"},"image":{"@id":"https:\/\/blog.hwr-berlin.de\/steps-to-public-service\/#\/schema\/logo\/image\/"},"sameAs":["https:\/\/www.linkedin.com\/company\/steps-to-public-service\/"]}]}},"_links":{"self":[{"href":"https:\/\/blog.hwr-berlin.de\/steps-to-public-service\/wp-json\/wp\/v2\/pages\/9","targetHints":{"allow":["GET"]}}],"collection":[{"href":"https:\/\/blog.hwr-berlin.de\/steps-to-public-service\/wp-json\/wp\/v2\/pages"}],"about":[{"href":"https:\/\/blog.hwr-berlin.de\/steps-to-public-service\/wp-json\/wp\/v2\/types\/page"}],"author":[{"embeddable":true,"href":"https:\/\/blog.hwr-berlin.de\/steps-to-public-service\/wp-json\/wp\/v2\/users\/1"}],"replies":[{"embeddable":true,"href":"https:\/\/blog.hwr-berlin.de\/steps-to-public-service\/wp-json\/wp\/v2\/comments?post=9"}],"version-history":[{"count":57,"href":"https:\/\/blog.hwr-berlin.de\/steps-to-public-service\/wp-json\/wp\/v2\/pages\/9\/revisions"}],"predecessor-version":[{"id":450,"href":"https:\/\/blog.hwr-berlin.de\/steps-to-public-service\/wp-json\/wp\/v2\/pages\/9\/revisions\/450"}],"wp:featuredmedia":[{"embeddable":true,"href":"https:\/\/blog.hwr-berlin.de\/steps-to-public-service\/wp-json\/wp\/v2\/media\/247"}],"wp:attachment":[{"href":"https:\/\/blog.hwr-berlin.de\/steps-to-public-service\/wp-json\/wp\/v2\/media?parent=9"}],"curies":[{"name":"wp","href":"https:\/\/api.w.org\/{rel}","templated":true}]}}