

{"id":8,"date":"2022-07-25T12:01:36","date_gmt":"2022-07-25T10:01:36","guid":{"rendered":"https:\/\/blog.hwr-berlin.de\/ukrainedigital24\/?page_id=8"},"modified":"2024-02-10T04:55:10","modified_gmt":"2024-02-10T03:55:10","slug":"startseite","status":"publish","type":"page","link":"https:\/\/blog.hwr-berlin.de\/ukrainedigital24\/","title":{"rendered":"HWR Berlin begr\u00fc\u00dft herzlich ukrainische studierende!"},"content":{"rendered":"\n<figure class=\"wp-block-gallery has-nested-images columns-default is-cropped wp-block-gallery-1 is-layout-flex wp-block-gallery-is-layout-flex\">\n<figure class=\"wp-block-image size-large\"><img loading=\"lazy\" decoding=\"async\" width=\"616\" height=\"150\" data-id=\"155\" src=\"https:\/\/blog.hwr-berlin.de\/ukrainedigital24\/wp-content\/uploads_uadigital\/2022\/08\/hwr-tag-der-offenen-tuer_overlay.jpg\" alt=\"\" class=\"wp-image-155\" srcset=\"https:\/\/blog.hwr-berlin.de\/ukrainedigital24\/wp-content\/uploads_ukrainedigital24\/2022\/08\/hwr-tag-der-offenen-tuer_overlay.jpg 616w, https:\/\/blog.hwr-berlin.de\/ukrainedigital24\/wp-content\/uploads_ukrainedigital24\/2022\/08\/hwr-tag-der-offenen-tuer_overlay-300x73.jpg 300w\" sizes=\"auto, (max-width: 616px) 100vw, 616px\" \/><\/figure>\n<\/figure>\n\n\n\n<figure class=\"wp-block-gallery has-nested-images columns-default is-cropped wp-block-gallery-2 is-layout-flex wp-block-gallery-is-layout-flex\">\n<figure class=\"wp-block-image size-large\"><img loading=\"lazy\" decoding=\"async\" width=\"741\" height=\"704\" data-id=\"286\" src=\"https:\/\/blog.hwr-berlin.de\/ukrainedigital24\/wp-content\/uploads_uadigital23\/2023\/06\/45.png\" alt=\"\" class=\"wp-image-286\" srcset=\"https:\/\/blog.hwr-berlin.de\/ukrainedigital24\/wp-content\/uploads_ukrainedigital24\/2023\/06\/45.png 741w, https:\/\/blog.hwr-berlin.de\/ukrainedigital24\/wp-content\/uploads_ukrainedigital24\/2023\/06\/45-300x285.png 300w\" sizes=\"auto, (max-width: 706px) 89vw, (max-width: 767px) 82vw, 740px\" \/><\/figure>\n<\/figure>\n\n\n\n<p>HWR Berlin begr\u00fc\u00dft herzlich ukrainische studierende, welche an dem vom Bundesministerium f\u00fcr Bildung und Forschung (BMBF) gef\u00f6rderten DAAD &#8211; Programm \u201eUkraine digital: Studienerfolg in Krisenzeiten sichern (2024)\u201c teilnehmen werden! <\/p>\n\n\n\n<p>Zusammen mit HWR-Partneruniversit\u00e4ten National University \u201eZaporizhzhia Polytechnic\u201c (ZPNU), Odess\u0430 Polytechnic National University (ONPU) und Cherkasy State Technological University (CHSTU) werden Online-Vorlesungen \u201eF\u00e4cher der Elektrotechnik f\u00fcr Ukrainische Hochschulen\u201c in ukrainischer Sprache angeboten.<\/p>\n\n\n\n<p>Auf dieser Seite werden Stundenpl\u00e4ne sowie Begleitmaterialien zu den Vorlesungen ver\u00f6ffentlicht.<\/p>\n\n\n\n<div class=\"wp-block-group\"><div class=\"wp-block-group__inner-container is-layout-flow wp-block-group-is-layout-flow\">\n<hr class=\"wp-block-separator has-alpha-channel-opacity is-style-wide\"\/>\n<\/div><\/div>\n\n\n\n<p class=\"has-text-align-center\"><strong>HWR Berlin \u0449\u0438\u0440\u043e \u0432\u0456\u0442\u0430\u0454 \u0443\u043a\u0440\u0430\u0457\u043d\u0441\u044c\u043a\u0438\u0445 \u0441\u0442\u0443\u0434\u0435\u043d\u0442\u0456\u0432!<\/strong><\/p>\n\n\n\n<p>HWR Berlin \u0449\u0438\u0440\u043e \u0432\u0456\u0442\u0430\u0454 \u0443\u043a\u0440\u0430\u0457\u043d\u0441\u044c\u043a\u0438\u0445 \u0441\u0442\u0443\u0434\u0435\u043d\u0442\u0456\u0432, \u044f\u043a\u0456 \u0432\u0456\u0437\u044c\u043c\u0443\u0442\u044c \u0443\u0447\u0430\u0441\u0442\u044c \u0443 \u043f\u0440\u043e\u0433\u0440\u0430\u043c\u0456 DAAD \u00abUkraine digital: \u0417\u0430\u0431\u0435\u0437\u043f\u0435\u0447\u0435\u043d\u043d\u044f \u0443\u0441\u043f\u0456\u0448\u043d\u043e\u0441\u0442\u0456 \u043d\u0430\u0432\u0447\u0430\u043d\u043d\u044f \u043f\u0456\u0434 \u0447\u0430\u0441 \u043a\u0440\u0438\u0437\u0438 (2024)\u00bb, \u0449\u043e \u0444\u0456\u043d\u0430\u043d\u0441\u0443\u0454\u0442\u044c\u0441\u044f \u0424\u0435\u0434\u0435\u0440\u0430\u043b\u044c\u043d\u0438\u043c \u043c\u0456\u043d\u0456\u0441\u0442\u0435\u0440\u0441\u0442\u0432\u043e\u043c \u043e\u0441\u0432\u0456\u0442\u0438 \u0442\u0430 \u0434\u043e\u0441\u043b\u0456\u0434\u0436\u0435\u043d\u044c (BMBF)! <\/p>\n\n\n\n<p> \u0414\u043e \u0443\u0447\u0430\u0441\u0442\u0456 \u0432 \u043f\u0440\u043e\u0433\u0440\u0430\u043c\u0456 \u0437\u0430\u043f\u0440\u043e\u0448\u0443\u044e\u0442\u044c\u0441\u044f \u0432\u0441\u0456 \u0443\u043a\u0440\u0430\u0457\u043d\u0441\u044c\u043a\u0456 \u0443\u043d\u0456\u0432\u0435\u0440\u0441\u0438\u0442\u0435\u0442\u0438.<\/p>\n\n\n\n<p>\u0420\u043e\u0437\u043a\u043b\u0430\u0434 \u043b\u0435\u043a\u0446\u0456\u0439 \u0442\u0430 \u0441\u0443\u043f\u0440\u043e\u0432\u0456\u0434\u043d\u0456 \u043c\u0430\u0442\u0435\u0440\u0456\u0430\u043b\u0438 \u0434\u043e \u043b\u0435\u043a\u0446\u0456\u0439 \u043e\u043f\u0443\u0431\u043b\u0456\u043a\u043e\u0432\u0430\u043d\u0456 \u0432 \u0432\u0456\u0434\u043f\u043e\u0432\u0456\u0434\u043d\u0438\u0445 \u0440\u043e\u0437\u0434\u0456\u043b\u0430\u0445.<\/p>\n","protected":false},"excerpt":{"rendered":"<p>HWR Berlin begr\u00fc\u00dft herzlich ukrainische studierende, welche an dem vom Bundesministerium f\u00fcr Bildung und Forschung (BMBF) gef\u00f6rderten DAAD &#8211; Programm \u201eUkraine digital: Studienerfolg in Krisenzeiten sichern (2024)\u201c teilnehmen werden! Zusammen mit HWR-Partneruniversit\u00e4ten National University \u201eZaporizhzhia Polytechnic\u201c (ZPNU), Odess\u0430 Polytechnic National University (ONPU) und Cherkasy State Technological University (CHSTU) werden Online-Vorlesungen \u201eF\u00e4cher der Elektrotechnik f\u00fcr Ukrainische &hellip; <\/p>\n<p class=\"link-more\"><a href=\"https:\/\/blog.hwr-berlin.de\/ukrainedigital24\/\" class=\"more-link\"><span class=\"screen-reader-text\">\u201eHWR Berlin begr\u00fc\u00dft herzlich ukrainische studierende!\u201c <\/span>weiterlesen<\/a><\/p>\n","protected":false},"author":1,"featured_media":0,"parent":0,"menu_order":0,"comment_status":"closed","ping_status":"closed","template":"","meta":{"footnotes":""},"class_list":["post-8","page","type-page","status-publish","hentry"],"_links":{"self":[{"href":"https:\/\/blog.hwr-berlin.de\/ukrainedigital24\/wp-json\/wp\/v2\/pages\/8","targetHints":{"allow":["GET"]}}],"collection":[{"href":"https:\/\/blog.hwr-berlin.de\/ukrainedigital24\/wp-json\/wp\/v2\/pages"}],"about":[{"href":"https:\/\/blog.hwr-berlin.de\/ukrainedigital24\/wp-json\/wp\/v2\/types\/page"}],"author":[{"embeddable":true,"href":"https:\/\/blog.hwr-berlin.de\/ukrainedigital24\/wp-json\/wp\/v2\/users\/1"}],"replies":[{"embeddable":true,"href":"https:\/\/blog.hwr-berlin.de\/ukrainedigital24\/wp-json\/wp\/v2\/comments?post=8"}],"version-history":[{"count":12,"href":"https:\/\/blog.hwr-berlin.de\/ukrainedigital24\/wp-json\/wp\/v2\/pages\/8\/revisions"}],"predecessor-version":[{"id":315,"href":"https:\/\/blog.hwr-berlin.de\/ukrainedigital24\/wp-json\/wp\/v2\/pages\/8\/revisions\/315"}],"wp:attachment":[{"href":"https:\/\/blog.hwr-berlin.de\/ukrainedigital24\/wp-json\/wp\/v2\/media?parent=8"}],"curies":[{"name":"wp","href":"https:\/\/api.w.org\/{rel}","templated":true}]}}