

{"id":8,"date":"2022-07-25T12:01:36","date_gmt":"2022-07-25T10:01:36","guid":{"rendered":"https:\/\/blog.hwr-berlin.de\/ukrainedigital25\/?page_id=8"},"modified":"2025-02-16T17:12:17","modified_gmt":"2025-02-16T16:12:17","slug":"startseite","status":"publish","type":"page","link":"https:\/\/blog.hwr-berlin.de\/ukrainedigital25\/","title":{"rendered":"HWR Berlin begr\u00fc\u00dft herzlich ukrainische studierende!"},"content":{"rendered":"\n<figure class=\"wp-block-gallery has-nested-images columns-default is-cropped wp-block-gallery-1 is-layout-flex wp-block-gallery-is-layout-flex\">\n<figure class=\"wp-block-image size-large\"><img loading=\"lazy\" decoding=\"async\" width=\"616\" height=\"150\" data-id=\"155\" src=\"https:\/\/blog.hwr-berlin.de\/ukrainedigital25\/wp-content\/uploads_uadigital\/2022\/08\/hwr-tag-der-offenen-tuer_overlay.jpg\" alt=\"\" class=\"wp-image-155\" srcset=\"https:\/\/blog.hwr-berlin.de\/ukrainedigital25\/wp-content\/uploads_ukrainedigital25\/2022\/08\/hwr-tag-der-offenen-tuer_overlay.jpg 616w, https:\/\/blog.hwr-berlin.de\/ukrainedigital25\/wp-content\/uploads_ukrainedigital25\/2022\/08\/hwr-tag-der-offenen-tuer_overlay-300x73.jpg 300w\" sizes=\"auto, (max-width: 616px) 100vw, 616px\" \/><\/figure>\n<\/figure>\n\n\n\n<figure class=\"wp-block-gallery has-nested-images columns-default is-cropped wp-block-gallery-2 is-layout-flex wp-block-gallery-is-layout-flex\">\n<figure class=\"wp-block-image size-large\"><img loading=\"lazy\" decoding=\"async\" width=\"776\" height=\"377\" data-id=\"378\" src=\"https:\/\/blog.hwr-berlin.de\/ukrainedigital25\/wp-content\/uploads_ukrainedigital25\/2025\/02\/7777.png\" alt=\"\" class=\"wp-image-378\" srcset=\"https:\/\/blog.hwr-berlin.de\/ukrainedigital25\/wp-content\/uploads_ukrainedigital25\/2025\/02\/7777.png 776w, https:\/\/blog.hwr-berlin.de\/ukrainedigital25\/wp-content\/uploads_ukrainedigital25\/2025\/02\/7777-300x146.png 300w, https:\/\/blog.hwr-berlin.de\/ukrainedigital25\/wp-content\/uploads_ukrainedigital25\/2025\/02\/7777-768x373.png 768w\" sizes=\"auto, (max-width: 767px) 89vw, (max-width: 1000px) 54vw, (max-width: 1071px) 543px, 580px\" \/><\/figure>\n<\/figure>\n\n\n\n<p>HWR Berlin begr\u00fc\u00dft herzlich ukrainische studierende, welche an dem von Harald Christ Stiftung f\u00fcr Demokratie und Vielfalt gef\u00f6rderten DAAD \u2013 Programm \u201eUkraine digital: Studienerfolg in Krisenzeiten sichern (2025)\u201c teilnehmen werden! Zusammen mit HWR-Partneruniversit\u00e4ten National University \u201eZaporizhzhia Polytechnic\u201c (ZPNU), Odess\u0430 Polytechnic National University (ONPU) , Cherkasy State Technological University (CHSTU) und National University Odessa Maritime Academy (NUOMA) werden Online-Vorlesungen \u201eF\u00e4cher der Elektrotechnik f\u00fcr Ukrainische Hochschulen\u201c in ukrainischer Sprache angeboten. Den sich auf der Binnenflucht befindenden oder wegen des Krieges in eine Notsituation geratenen ukrainischen Studierenden wird ein Stipendium vergeben &#8211; dazu wenden Sie sich bitte bei Interesse an die Auswahlkommission Ihrer Universit\u00e4t. Alle ukrainischen Universit\u00e4ten sind eingeladen am Programm zu partizipieren. Auf dieser Seite werden demn\u00e4chst Stundenpl\u00e4ne sowie Begleitmaterialien zu den Vorlesungen ver\u00f6ffentlicht.<\/p>\n\n\n\n<p><strong>Wir danken im Namen aller beteiligter Studierenden und Hochschullehrenden Herrn Harald Christ f\u00fcr seine gro\u00dfartige &nbsp;Unterst\u00fctzung f\u00fcr unser Projekt!<\/strong><\/p>\n\n\n\n<div class=\"wp-block-group\"><div class=\"wp-block-group__inner-container is-layout-flow wp-block-group-is-layout-flow\">\n<hr class=\"wp-block-separator has-alpha-channel-opacity is-style-wide\"\/>\n<\/div><\/div>\n\n\n\n<p class=\"has-text-align-center\">HWR Berlin \u0449\u0438\u0440\u043e \u0432\u0456\u0442\u0430\u0454 \u0443\u043a\u0440\u0430\u0457\u043d\u0441\u044c\u043a\u0438\u0445 \u0441\u0442\u0443\u0434\u0435\u043d\u0442\u0456\u0432, \u044f\u043a\u0456 \u0432\u0456\u0437\u044c\u043c\u0443\u0442\u044c \u0443\u0447\u0430\u0441\u0442\u044c \u0443 \u043f\u0440\u043e\u0433\u0440\u0430\u043c\u0456 DAAD \u00abUkraine digital: \u0417\u0430\u0431\u0435\u0437\u043f\u0435\u0447\u0435\u043d\u043d\u044f \u0443\u0441\u043f\u0456\u0448\u043d\u043e\u0441\u0442\u0456 \u043d\u0430\u0432\u0447\u0430\u043d\u043d\u044f \u043f\u0456\u0434 \u0447\u0430\u0441 \u043a\u0440\u0438\u0437\u0438 (2025)\u00bb, \u0449\u043e \u0444\u0456\u043d\u0430\u043d\u0441\u0443\u0454\u0442\u044c\u0441\u044f \u0424\u043e\u043d\u0434\u0443 \u0413\u0430\u0440\u0430\u043b\u044c\u0434\u0430 \u0425\u0440\u0438\u0441\u0442\u0430 \u0437\u0430 \u0434\u0435\u043c\u043e\u043a\u0440\u0430\u0442\u0456\u044e \u0442\u0430 \u0440\u0456\u0437\u043d\u043e\u043c\u0430\u043d\u0456\u0442\u043d\u0456\u0441\u0442\u044c! \u0421\u043f\u0456\u043b\u044c\u043d\u043e \u0437 \u0443\u043d\u0456\u0432\u0435\u0440\u0441\u0438\u0442\u0435\u0442\u0430\u043c\u0438-\u043f\u0430\u0440\u0442\u043d\u0435\u0440\u0430\u043c\u0438 HWR \u041d\u0430\u0446\u0456\u043e\u043d\u0430\u043b\u044c\u043d\u0438\u043c \u0443\u043d\u0456\u0432\u0435\u0440\u0441\u0438\u0442\u0435\u0442\u043e\u043c \u00ab\u0417\u0430\u043f\u043e\u0440\u0456\u0437\u044c\u043a\u0430 \u043f\u043e\u043b\u0456\u0442\u0435\u0445\u043d\u0456\u043a\u0430\u00bb (\u0417\u041f\u041d\u0423), \u041d\u0430\u0446\u0456\u043e\u043d\u0430\u043b\u044c\u043d\u0438\u043c \u0443\u043d\u0456\u0432\u0435\u0440\u0441\u0438\u0442\u0435\u0442\u043e\u043c \u00ab\u041e\u0434\u0435\u0441\u044c\u043a\u0430 \u043f\u043e\u043b\u0456\u0442\u0435\u0445\u043d\u0456\u043a\u0430\u00bb (\u041e\u041d\u041f\u0423), \u0427\u0435\u0440\u043a\u0430\u0441\u044c\u043a\u0438\u043c \u0434\u0435\u0440\u0436\u0430\u0432\u043d\u0438\u043c \u0442\u0435\u0445\u043d\u043e\u043b\u043e\u0433\u0456\u0447\u043d\u0438\u043c \u0443\u043d\u0456\u0432\u0435\u0440\u0441\u0438\u0442\u0435\u0442\u043e\u043c (\u0427\u0414\u0422\u0423) \u0442\u0430 \u041d\u0430\u0446\u0456\u043e\u043d\u0430\u043b\u044c\u043d\u0438\u043c \u0443\u043d\u0456\u0432\u0435\u0440\u0441\u0438\u0442\u0435\u0442\u043e\u043c &#8222;\u041e\u0434\u0435\u0441\u044c\u043a\u0430 \u043c\u043e\u0440\u0441\u044c\u043a\u0430 \u0430\u043a\u0430\u0434\u0435\u043c\u0456\u044f&#8220; (\u041d\u0423\u041e\u041c\u0410) \u043f\u0440\u043e\u043f\u043e\u043d\u0443\u044e\u0442\u044c\u0441\u044f \u043e\u043d\u043b\u0430\u0439\u043d-\u043b\u0435\u043a\u0446\u0456\u0457 \u00ab\u041f\u0440\u0435\u0434\u043c\u0435\u0442\u0438 \u0435\u043b\u0435\u043a\u0442\u0440\u043e\u0442\u0435\u0445\u043d\u0456\u043a\u0438 \u0434\u043b\u044f \u0412\u041d\u0417 \u0423\u043a\u0440\u0430\u0457\u043d\u0438\u00bb \u0443\u043a\u0440\u0430\u0457\u043d\u0441\u044c\u043a\u043e\u044e \u043c\u043e\u0432\u043e\u044e. \u0421\u0442\u0438\u043f\u0435\u043d\u0434\u0456\u044e \u043e\u0442\u0440\u0438\u043c\u0430\u044e\u0442\u044c \u0443\u043a\u0440\u0430\u0457\u043d\u0441\u044c\u043a\u0456 \u0441\u0442\u0443\u0434\u0435\u043d\u0442\u0438, \u044f\u043a\u0456 \u0454 \u0432\u043d\u0443\u0442\u0440\u0456\u0448\u043d\u044c\u043e \u043f\u0435\u0440\u0435\u043c\u0456\u0449\u0435\u043d\u0438\u043c\u0438 \u043e\u0441\u043e\u0431\u0430\u043c\u0438 \u0430\u0431\u043e \u043e\u043f\u0438\u043d\u0438\u043b\u0438\u0441\u044f \u0432 \u043d\u0430\u0434\u0437\u0432\u0438\u0447\u0430\u0439\u043d\u0456\u0439 \u0441\u0438\u0442\u0443\u0430\u0446\u0456\u0457 \u0447\u0435\u0440\u0435\u0437 \u0432\u0456\u0439\u043d\u0443&nbsp; \u2013 \u044f\u043a\u0449\u043e \u0432\u0438 \u0437\u0430\u0446\u0456\u043a\u0430\u0432\u043b\u0435\u043d\u0456, \u0431\u0443\u0434\u044c \u043b\u0430\u0441\u043a\u0430, \u0437\u0432\u2019\u044f\u0436\u0456\u0442\u044c\u0441\u044f \u0437 \u0432\u0438\u0431\u0456\u0440\u043d\u043e\u044e \u043a\u043e\u043c\u0456\u0441\u0456\u0454\u044e \u0432\u0430\u0448\u043e\u0433\u043e \u0443\u043d\u0456\u0432\u0435\u0440\u0441\u0438\u0442\u0435\u0442\u0443. \u0414\u043e \u0443\u0447\u0430\u0441\u0442\u0456 \u0432 \u043f\u0440\u043e\u0433\u0440\u0430\u043c\u0456 \u0437\u0430\u043f\u0440\u043e\u0448\u0443\u044e\u0442\u044c\u0441\u044f \u0432\u0441\u0456 \u0443\u043a\u0440\u0430\u0457\u043d\u0441\u044c\u043a\u0456 \u0443\u043d\u0456\u0432\u0435\u0440\u0441\u0438\u0442\u0435\u0442\u0438. \u0420\u043e\u0437\u043a\u043b\u0430\u0434 \u043b\u0435\u043a\u0446\u0456\u0439 \u0442\u0430 \u0441\u0443\u043f\u0440\u043e\u0432\u0456\u0434\u043d\u0456 \u043c\u0430\u0442\u0435\u0440\u0456\u0430\u043b\u0438 \u0434\u043e \u043b\u0435\u043a\u0446\u0456\u0439 \u043d\u0430\u0439\u0431\u043b\u0438\u0436\u0447\u0438\u043c \u0447\u0430\u0441\u043e\u043c \u0431\u0443\u0434\u0443\u0442\u044c \u043e\u043f\u0443\u0431\u043b\u0456\u043a\u043e\u0432\u0430\u043d\u0456 \u043d\u0430 \u0446\u0456\u0439 \u0441\u0442\u043e\u0440\u0456\u043d\u0446\u0456.<\/p>\n\n\n\n<p><strong>\u0412\u0456\u0434 \u0456\u043c\u0435\u043d\u0456 \u0432\u0441\u0456\u0445 \u0441\u0442\u0443\u0434\u0435\u043d\u0442\u0456\u0432 \u0442\u0430 \u0432\u0438\u043a\u043b\u0430\u0434\u0430\u0447\u0456\u0432, \u044f\u043a\u0456 \u0431\u0435\u0440\u0443\u0442\u044c \u0443\u0447\u0430\u0441\u0442\u044c \u0443 \u043f\u0440\u043e\u0435\u043a\u0442\u0456, \u043c\u0438 \u0445\u043e\u0442\u0456\u043b\u0438 \u0431 \u043f\u043e\u0434\u044f\u043a\u0443\u0432\u0430\u0442\u0438 \u043f\u0430\u043d\u0443 \u0413\u0430\u0440\u0430\u043b\u044c\u0434\u0443 \u041a\u0440\u0456\u0441\u0442\u0443 \u0437\u0430 \u0439\u043e\u0433\u043e \u0432\u0435\u043b\u0438\u0447\u0435\u0437\u043d\u0443 \u043f\u0456\u0434\u0442\u0440\u0438\u043c\u043a\u0443 \u043d\u0430\u0448\u043e\u0433\u043e \u043f\u0440\u043e\u0435\u043a\u0442\u0443!<\/strong><\/p>\n\n\n\n<p><\/p>\n","protected":false},"excerpt":{"rendered":"<p>HWR Berlin begr\u00fc\u00dft herzlich ukrainische studierende, welche an dem von Harald Christ Stiftung f\u00fcr Demokratie und Vielfalt gef\u00f6rderten DAAD \u2013 Programm \u201eUkraine digital: Studienerfolg in Krisenzeiten sichern (2025)\u201c teilnehmen werden! Zusammen mit HWR-Partneruniversit\u00e4ten National University \u201eZaporizhzhia Polytechnic\u201c (ZPNU), Odess\u0430 Polytechnic National University (ONPU) , Cherkasy State Technological University (CHSTU) und National University Odessa Maritime Academy &hellip; <\/p>\n<p class=\"link-more\"><a href=\"https:\/\/blog.hwr-berlin.de\/ukrainedigital25\/\" class=\"more-link\"><span class=\"screen-reader-text\">\u201eHWR Berlin begr\u00fc\u00dft herzlich ukrainische studierende!\u201c <\/span>weiterlesen<\/a><\/p>\n","protected":false},"author":1,"featured_media":0,"parent":0,"menu_order":0,"comment_status":"closed","ping_status":"closed","template":"","meta":{"footnotes":""},"class_list":["post-8","page","type-page","status-publish","hentry"],"_links":{"self":[{"href":"https:\/\/blog.hwr-berlin.de\/ukrainedigital25\/wp-json\/wp\/v2\/pages\/8","targetHints":{"allow":["GET"]}}],"collection":[{"href":"https:\/\/blog.hwr-berlin.de\/ukrainedigital25\/wp-json\/wp\/v2\/pages"}],"about":[{"href":"https:\/\/blog.hwr-berlin.de\/ukrainedigital25\/wp-json\/wp\/v2\/types\/page"}],"author":[{"embeddable":true,"href":"https:\/\/blog.hwr-berlin.de\/ukrainedigital25\/wp-json\/wp\/v2\/users\/1"}],"replies":[{"embeddable":true,"href":"https:\/\/blog.hwr-berlin.de\/ukrainedigital25\/wp-json\/wp\/v2\/comments?post=8"}],"version-history":[{"count":19,"href":"https:\/\/blog.hwr-berlin.de\/ukrainedigital25\/wp-json\/wp\/v2\/pages\/8\/revisions"}],"predecessor-version":[{"id":380,"href":"https:\/\/blog.hwr-berlin.de\/ukrainedigital25\/wp-json\/wp\/v2\/pages\/8\/revisions\/380"}],"wp:attachment":[{"href":"https:\/\/blog.hwr-berlin.de\/ukrainedigital25\/wp-json\/wp\/v2\/media?parent=8"}],"curies":[{"name":"wp","href":"https:\/\/api.w.org\/{rel}","templated":true}]}}