

{"id":79,"date":"2025-12-07T17:14:00","date_gmt":"2025-12-07T16:14:00","guid":{"rendered":"https:\/\/blog.hwr-berlin.de\/ukrainemodules\/?page_id=79"},"modified":"2025-12-07T17:14:00","modified_gmt":"2025-12-07T16:14:00","slug":"79-2","status":"publish","type":"page","link":"https:\/\/blog.hwr-berlin.de\/ukrainemodules\/79-2\/","title":{"rendered":""},"content":{"rendered":"<p><img loading=\"lazy\" decoding=\"async\" class=\"aligncenter wp-image-45 size-full\" src=\"https:\/\/blog.hwr-berlin.de\/ukrainemodules\/wp-content\/uploads_ukrainemodules\/2025\/12\/111.png\" sizes=\"auto, (max-width: 923px) 100vw, 923px\" srcset=\"https:\/\/blog.hwr-berlin.de\/ukrainemodules\/wp-content\/uploads_ukrainemodules\/2025\/12\/111.png 923w, https:\/\/blog.hwr-berlin.de\/ukrainemodules\/wp-content\/uploads_ukrainemodules\/2025\/12\/111-300x163.png 300w, https:\/\/blog.hwr-berlin.de\/ukrainemodules\/wp-content\/uploads_ukrainemodules\/2025\/12\/111-768x419.png 768w\" alt=\"\" width=\"923\" height=\"503\" \/><\/p>\n<p>&nbsp;<\/p>\n<p><span data-contrast=\"auto\">Die Hochschule f\u00fcr Wirtschaft und Recht Berlin (HWR Berlin) startet gemeinsam mit ihren ukrainischen Partnerhochschulen \u2013 der National University \u201eZaporizhzhia\u00a0Polytechnic\u201c (ZPNU), der\u00a0Cherkasy\u00a0State Technological University (CHSTU) und der\u00a0Odesa\u00a0Polytechnic\u00a0National University (OP) \u2013 den Aufbau eines modernen internationalen Bildungsnetzwerks im Bereich der Elektrotechnik.<\/span><span data-ccp-props=\"{&quot;335559739&quot;:0}\">\u00a0<\/span><\/p>\n<p><span data-ccp-props=\"{&quot;335559739&quot;:0}\">\u00a0<\/span><\/p>\n<p><span data-contrast=\"auto\">Ziel des Projekts ist die (Weiter-)Entwicklung gemeinsamer englischsprachiger Wahlmodule, die Modernisierung der Labore sowie die Erweiterung der M\u00f6glichkeiten der akademischen Mobilit\u00e4t zwischen den Hochschulen beider L\u00e4nder.\u00a0Hierdurch wird ressourceneffizient das Lehrangebot beteiligter Hochschulen erheblich erweitert und auf dem\u00a0aktuellsten\u00a0Niveau gehalten.\u00a0<\/span><span data-ccp-props=\"{&quot;335559739&quot;:0}\">\u00a0<\/span><\/p>\n<p><span data-ccp-props=\"{&quot;335559739&quot;:0}\">\u00a0<\/span><\/p>\n<p><span data-contrast=\"auto\">Ab dem Wintersemester 2026\/27 erhalten Studierende der HWR Berlin die M\u00f6glichkeit, Wahlmodule an den ukrainischen Partnerhochschulen zu belegen \u2013 eine Option, die im dualen Studiengang Elektrotechnik bisher nicht gegeben war. Im Gegenzug k\u00f6nnen ukrainische Studierende die HWR Berlin w\u00e4hrend der Theoriephasen f\u00fcr die Dauer von drei Monaten besuchen; die im Austausch belegten Module werden gegenseitig anerkannt. Das Projekt sieht zudem die Einbindung gefl\u00fcchteter ukrainischer Wissenschaftler*innen vor.<\/span><span data-ccp-props=\"{&quot;335559739&quot;:0}\">\u00a0<\/span><\/p>\n<p><span data-ccp-props=\"{&quot;335559739&quot;:0}\">\u00a0<\/span><\/p>\n<p><span data-contrast=\"auto\">Ein weiterer wesentlicher Bestandteil des Projekts ist der Aufbau eines\u00a0gemeinsamen\u00a0Alumni Programms und Festigung beidseitiger Beziehungen.<\/span><span data-ccp-props=\"{&quot;335559739&quot;:0}\">\u00a0<\/span><\/p>\n<p><span data-ccp-props=\"{&quot;335559739&quot;:0}\">\u00a0<\/span><\/p>\n<p><b><span data-contrast=\"auto\">Kontakt<\/span><\/b><span data-ccp-props=\"{}\">\u00a0<\/span><\/p>\n<p><span data-contrast=\"auto\">Haben Sie Fragen?<\/span><br \/>\n<span data-contrast=\"auto\">Schreiben Sie uns\u00a0\u00a0\u00a0<\/span><a href=\"mailto:hwr.duhn@gmail.com\"><span data-contrast=\"none\">hwr.duhn@gmail.com<\/span><\/a><span data-ccp-props=\"{}\">\u00a0<\/span><\/p>\n<p><span data-ccp-props=\"{}\">\u00a0<\/span><\/p>\n<p><span data-ccp-props=\"{}\">\u00a0<\/span><\/p>\n<p><span data-ccp-props=\"{}\">\u00a0<\/span><\/p>\n<p><span data-ccp-props=\"{}\">\u00a0<\/span><\/p>\n<p>&nbsp;<\/p>\n","protected":false},"excerpt":{"rendered":"<p>&nbsp; Die Hochschule f\u00fcr Wirtschaft und Recht Berlin (HWR Berlin) startet gemeinsam mit ihren ukrainischen Partnerhochschulen \u2013 der National University \u201eZaporizhzhia\u00a0Polytechnic\u201c (ZPNU), der\u00a0Cherkasy\u00a0State Technological University (CHSTU) und der\u00a0Odesa\u00a0Polytechnic\u00a0National University (OP) \u2013 den Aufbau eines modernen internationalen Bildungsnetzwerks im Bereich der Elektrotechnik.\u00a0 \u00a0 Ziel des Projekts ist die (Weiter-)Entwicklung gemeinsamer englischsprachiger Wahlmodule, die Modernisierung der Labore [&hellip;]<\/p>\n","protected":false},"author":2,"featured_media":0,"parent":0,"menu_order":0,"comment_status":"closed","ping_status":"closed","template":"","meta":{"footnotes":""},"class_list":["post-79","page","type-page","status-publish","hentry"],"_links":{"self":[{"href":"https:\/\/blog.hwr-berlin.de\/ukrainemodules\/wp-json\/wp\/v2\/pages\/79","targetHints":{"allow":["GET"]}}],"collection":[{"href":"https:\/\/blog.hwr-berlin.de\/ukrainemodules\/wp-json\/wp\/v2\/pages"}],"about":[{"href":"https:\/\/blog.hwr-berlin.de\/ukrainemodules\/wp-json\/wp\/v2\/types\/page"}],"author":[{"embeddable":true,"href":"https:\/\/blog.hwr-berlin.de\/ukrainemodules\/wp-json\/wp\/v2\/users\/2"}],"replies":[{"embeddable":true,"href":"https:\/\/blog.hwr-berlin.de\/ukrainemodules\/wp-json\/wp\/v2\/comments?post=79"}],"version-history":[{"count":1,"href":"https:\/\/blog.hwr-berlin.de\/ukrainemodules\/wp-json\/wp\/v2\/pages\/79\/revisions"}],"predecessor-version":[{"id":80,"href":"https:\/\/blog.hwr-berlin.de\/ukrainemodules\/wp-json\/wp\/v2\/pages\/79\/revisions\/80"}],"wp:attachment":[{"href":"https:\/\/blog.hwr-berlin.de\/ukrainemodules\/wp-json\/wp\/v2\/media?parent=79"}],"curies":[{"name":"wp","href":"https:\/\/api.w.org\/{rel}","templated":true}]}}