

{"id":8,"date":"2020-04-23T13:33:52","date_gmt":"2020-04-23T11:33:52","guid":{"rendered":"https:\/\/blog.hwr-berlin.de\/wmr20\/?page_id=8"},"modified":"2020-06-04T16:08:11","modified_gmt":"2020-06-04T14:08:11","slug":"wmr20","status":"publish","type":"page","link":"https:\/\/blog.hwr-berlin.de\/wmr20\/","title":{"rendered":"WMR20"},"content":{"rendered":"\n<p>Digitalisierung der Wirtschaft, neue Gesch\u00e4ftsmodelle und aktuelle Trends in Industrie, Dienstleistung und Finanzen. Um diese Themen dreht sich das hochkar\u00e4tig besetzte Dialogforum XYZ am 1. November 2019 an der Hochschule f\u00fcr Wirtschaft und Recht.<\/p>\n","protected":false},"excerpt":{"rendered":"<p>Digitalisierung der Wirtschaft, neue Gesch\u00e4ftsmodelle und aktuelle Trends in Industrie, Dienstleistung und Finanzen. Um diese Themen dreht sich das hochkar\u00e4tig besetzte Dialogforum XYZ am 1. November 2019 an der Hochschule f\u00fcr Wirtschaft und Recht.<\/p>\n","protected":false},"author":1,"featured_media":0,"parent":0,"menu_order":0,"comment_status":"closed","ping_status":"closed","template":"","meta":{"footnotes":""},"class_list":["post-8","page","type-page","status-publish","hentry"],"_links":{"self":[{"href":"https:\/\/blog.hwr-berlin.de\/wmr20\/wp-json\/wp\/v2\/pages\/8","targetHints":{"allow":["GET"]}}],"collection":[{"href":"https:\/\/blog.hwr-berlin.de\/wmr20\/wp-json\/wp\/v2\/pages"}],"about":[{"href":"https:\/\/blog.hwr-berlin.de\/wmr20\/wp-json\/wp\/v2\/types\/page"}],"author":[{"embeddable":true,"href":"https:\/\/blog.hwr-berlin.de\/wmr20\/wp-json\/wp\/v2\/users\/1"}],"replies":[{"embeddable":true,"href":"https:\/\/blog.hwr-berlin.de\/wmr20\/wp-json\/wp\/v2\/comments?post=8"}],"version-history":[{"count":3,"href":"https:\/\/blog.hwr-berlin.de\/wmr20\/wp-json\/wp\/v2\/pages\/8\/revisions"}],"predecessor-version":[{"id":67,"href":"https:\/\/blog.hwr-berlin.de\/wmr20\/wp-json\/wp\/v2\/pages\/8\/revisions\/67"}],"wp:attachment":[{"href":"https:\/\/blog.hwr-berlin.de\/wmr20\/wp-json\/wp\/v2\/media?parent=8"}],"curies":[{"name":"wp","href":"https:\/\/api.w.org\/{rel}","templated":true}]}}